{"id":988193,"date":"2023-03-09T12:53:18","date_gmt":"2023-03-09T12:53:18","guid":{"rendered":"https:\/\/www.solutionslogiciellesrobustes.com\/contact\/"},"modified":"2023-08-07T13:57:35","modified_gmt":"2023-08-07T13:57:35","slug":"contact","status":"publish","type":"page","link":"https:\/\/www.solutionslogiciellesrobustes.com\/fr\/contact\/","title":{"rendered":"Contact"},"content":{"rendered":"<body>\t\t<div data-elementor-type=\"wp-page\" data-elementor-id=\"988193\" class=\"elementor elementor-988193 elementor-83\" data-elementor-post-type=\"page\">\n\t\t\t\t\t\t<section class=\"elementor-section elementor-top-section elementor-element elementor-element-5a5d205 elementor-section-boxed elementor-section-height-default elementor-section-height-default\" data-id=\"5a5d205\" data-element_type=\"section\" data-e-type=\"section\">\n\t\t\t\t\t\t<div class=\"elementor-container elementor-column-gap-default\">\n\t\t\t\t\t<div class=\"elementor-column elementor-col-100 elementor-top-column elementor-element elementor-element-fbab493\" data-id=\"fbab493\" data-element_type=\"column\" data-e-type=\"column\">\n\t\t\t<div class=\"elementor-widget-wrap elementor-element-populated\">\n\t\t\t\t\t\t<div class=\"elementor-element elementor-element-223a510 animated-slow elementor-invisible elementor-widget elementor-widget-heading\" data-id=\"223a510\" data-element_type=\"widget\" data-e-type=\"widget\" data-settings='{\"_animation\":\"fadeIn\",\"_animation_tablet\":\"none\"}' data-widget_type=\"heading.default\">\n\t\t\t\t<div class=\"elementor-widget-container\">\n\t\t\t\t\t<h1 class=\"elementor-heading-title elementor-size-default\">Nous sommes l\u00e0 pour vous aider<\/h1>\t\t\t\t<\/div>\n\t\t\t\t<\/div>\n\t\t\t\t\t<\/div>\n\t\t<\/div>\n\t\t\t\t\t<\/div>\n\t\t<\/section>\n\t\t\t\t<section class=\"elementor-section elementor-top-section elementor-element elementor-element-e59c6f9 elementor-section-content-middle elementor-section-boxed elementor-section-height-default elementor-section-height-default\" data-id=\"e59c6f9\" data-element_type=\"section\" data-e-type=\"section\">\n\t\t\t\t\t\t<div class=\"elementor-container elementor-column-gap-no\">\n\t\t\t\t\t<div class=\"elementor-column elementor-col-33 elementor-top-column elementor-element elementor-element-e026acc\" data-id=\"e026acc\" data-element_type=\"column\" data-e-type=\"column\">\n\t\t\t<div class=\"elementor-widget-wrap elementor-element-populated\">\n\t\t\t\t\t\t<div class=\"elementor-element elementor-element-00a8e80 elementor-widget elementor-widget-text-editor\" data-id=\"00a8e80\" data-element_type=\"widget\" data-e-type=\"widget\" data-widget_type=\"text-editor.default\">\n\t\t\t\t<div class=\"elementor-widget-container\">\n\t\t\t\t\t\t\t\t\t<p>Appelez-nous au<\/p>\n\t\t\t\t\t\t\t\t<\/div>\n\t\t\t\t<\/div>\n\t\t\t\t<div class=\"vamtam-has-theme-widget-styles elementor-element elementor-element-1d9f19f elementor-mobile-align-center elementor-widget elementor-widget-button\" data-id=\"1d9f19f\" data-element_type=\"widget\" data-e-type=\"widget\" data-widget_type=\"button.default\">\n\t\t\t\t<div class=\"elementor-widget-container\">\n\t\t\t\t\t\t\t\t\t<div class=\"elementor-button-wrapper\">\n\t\t\t\t\t<a class=\"elementor-button elementor-button-link elementor-size-sm\" href=\"tel:18003568933\">\n\t\t\t\t\t\t<span class=\"elementor-button-content-wrapper\">\n\t\t\t\t\t\t\t\t\t<span class=\"elementor-button-text\">1-647-302-7269<\/span>\n\t\t\t\t\t<\/span>\n\t\t\t\t\t<\/a>\n\t\t\t\t<\/div>\n\t\t\t\t\t\t\t\t<\/div>\n\t\t\t\t<\/div>\n\t\t\t\t\t<\/div>\n\t\t<\/div>\n\t\t\t\t<div class=\"elementor-column elementor-col-33 elementor-top-column elementor-element elementor-element-c4d503b\" data-id=\"c4d503b\" data-element_type=\"column\" data-e-type=\"column\">\n\t\t\t<div class=\"elementor-widget-wrap elementor-element-populated\">\n\t\t\t\t\t\t<div class=\"elementor-element elementor-element-e094f07 elementor-widget__width-auto elementor-view-default elementor-invisible elementor-widget elementor-widget-icon\" data-id=\"e094f07\" data-element_type=\"widget\" data-e-type=\"widget\" data-settings='{\"_animation\":\"fadeInLeft\",\"_animation_delay\":300}' data-widget_type=\"icon.default\">\n\t\t\t\t<div class=\"elementor-widget-container\">\n\t\t\t\t\t\t\t<div class=\"elementor-icon-wrapper\">\n\t\t\t<div class=\"elementor-icon\">\n\t\t\t<svg xmlns=\"http:\/\/www.w3.org\/2000\/svg\" width=\"12\" height=\"61\" viewbox=\"0 0 12 61\"><path d=\"m.37.6.95-.3 10.21 30.62L1.31 60.57l-.95-.33 10.11-29.32z\" fill=\"\" fill-rule=\"nonzero\" fill-opacity=\"\"><\/path><\/svg>\t\t\t<\/div>\n\t\t<\/div>\n\t\t\t\t\t\t<\/div>\n\t\t\t\t<\/div>\n\t\t\t\t\t<\/div>\n\t\t<\/div>\n\t\t\t\t<div class=\"elementor-column elementor-col-33 elementor-top-column elementor-element elementor-element-e20fb38\" data-id=\"e20fb38\" data-element_type=\"column\" data-e-type=\"column\">\n\t\t\t<div class=\"elementor-widget-wrap elementor-element-populated\">\n\t\t\t\t\t\t<div class=\"elementor-element elementor-element-4201828 elementor-widget elementor-widget-text-editor\" data-id=\"4201828\" data-element_type=\"widget\" data-e-type=\"widget\" data-widget_type=\"text-editor.default\">\n\t\t\t\t<div class=\"elementor-widget-container\">\n\t\t\t\t\t\t\t\t\t<p>Envoyez-nous un courriel :<\/p>\n\t\t\t\t\t\t\t\t<\/div>\n\t\t\t\t<\/div>\n\t\t\t\t<div class=\"vamtam-has-theme-widget-styles elementor-element elementor-element-69ab459 elementor-mobile-align-center elementor-widget elementor-widget-button\" data-id=\"69ab459\" data-element_type=\"widget\" data-e-type=\"widget\" data-widget_type=\"button.default\">\n\t\t\t\t<div class=\"elementor-widget-container\">\n\t\t\t\t\t\t\t\t\t<div class=\"elementor-button-wrapper\">\n\t\t\t\t\t<a class=\"elementor-button elementor-button-link elementor-size-sm\" href=\"mailto:info@solutionslogiciellesrobustes.com?subject=Support\">\n\t\t\t\t\t\t<span class=\"elementor-button-content-wrapper\">\n\t\t\t\t\t\t\t\t\t<span class=\"elementor-button-text\">info@solutionslogiciellesrobustes.com<\/span>\n\t\t\t\t\t<\/span>\n\t\t\t\t\t<\/a>\n\t\t\t\t<\/div>\n\t\t\t\t\t\t\t\t<\/div>\n\t\t\t\t<\/div>\n\t\t\t\t\t<\/div>\n\t\t<\/div>\n\t\t\t\t\t<\/div>\n\t\t<\/section>\n\t\t\t\t<section class=\"elementor-section elementor-top-section elementor-element elementor-element-7741ee3 elementor-section-boxed elementor-section-height-default elementor-section-height-default\" data-id=\"7741ee3\" data-element_type=\"section\" data-e-type=\"section\">\n\t\t\t\t\t\t<div class=\"elementor-container elementor-column-gap-no\">\n\t\t\t\t\t<div class=\"elementor-column elementor-col-100 elementor-top-column elementor-element elementor-element-fa1eeb8\" data-id=\"fa1eeb8\" data-element_type=\"column\" data-e-type=\"column\">\n\t\t\t<div class=\"elementor-widget-wrap elementor-element-populated\">\n\t\t\t\t\t\t<div class=\"vamtam-has-theme-widget-styles elementor-element elementor-element-ae3f462 elementor-align-center elementor-mobile-align-center elementor-widget elementor-widget-button\" data-id=\"ae3f462\" data-element_type=\"widget\" data-e-type=\"widget\" data-widget_type=\"button.default\">\n\t\t\t\t<div class=\"elementor-widget-container\">\n\t\t\t\t\t\t\t\t\t<div class=\"elementor-button-wrapper\">\n\t\t\t\t\t<a class=\"elementor-button elementor-button-link elementor-size-sm\" href=\"#form\" target=\"_blank\">\n\t\t\t\t\t\t<span class=\"elementor-button-content-wrapper\">\n\t\t\t\t\t\t\t\t\t<span class=\"elementor-button-text\">Planifier une consultation gratuite<\/span>\n\t\t\t\t\t<\/span>\n\t\t\t\t\t<\/a>\n\t\t\t\t<\/div>\n\t\t\t\t\t\t\t\t<\/div>\n\t\t\t\t<\/div>\n\t\t\t\t<div class=\"elementor-element elementor-element-4863de0 elementor-widget elementor-widget-spacer\" data-id=\"4863de0\" data-element_type=\"widget\" data-e-type=\"widget\" data-widget_type=\"spacer.default\">\n\t\t\t\t<div class=\"elementor-widget-container\">\n\t\t\t\t\t\t\t<div class=\"elementor-spacer\">\n\t\t\t<div class=\"elementor-spacer-inner\"><\/div>\n\t\t<\/div>\n\t\t\t\t\t\t<\/div>\n\t\t\t\t<\/div>\n\t\t\t\t\t<\/div>\n\t\t<\/div>\n\t\t\t\t\t<\/div>\n\t\t<\/section>\n\t\t\t\t<section class=\"elementor-section elementor-top-section elementor-element elementor-element-397931f elementor-section-boxed elementor-section-height-default elementor-section-height-default\" data-id=\"397931f\" data-element_type=\"section\" data-e-type=\"section\">\n\t\t\t\t\t\t<div class=\"elementor-container elementor-column-gap-default\">\n\t\t\t\t\t<div class=\"elementor-column elementor-col-100 elementor-top-column elementor-element elementor-element-d472305\" data-id=\"d472305\" data-element_type=\"column\" data-e-type=\"column\" data-settings='{\"background_background\":\"classic\"}'>\n\t\t\t<div class=\"elementor-widget-wrap elementor-element-populated\">\n\t\t\t\t\t\t<div class=\"elementor-element elementor-element-4acaeb4 elementor-widget elementor-widget-spacer\" data-id=\"4acaeb4\" data-element_type=\"widget\" data-e-type=\"widget\" data-widget_type=\"spacer.default\">\n\t\t\t\t<div class=\"elementor-widget-container\">\n\t\t\t\t\t\t\t<div class=\"elementor-spacer\">\n\t\t\t<div class=\"elementor-spacer-inner\"><\/div>\n\t\t<\/div>\n\t\t\t\t\t\t<\/div>\n\t\t\t\t<\/div>\n\t\t\t\t\t<\/div>\n\t\t<\/div>\n\t\t\t\t\t<\/div>\n\t\t<\/section>\n\t\t\t\t<section class=\"elementor-section elementor-top-section elementor-element elementor-element-26e26eb elementor-section-content-middle elementor-section-boxed elementor-section-height-default elementor-section-height-default\" data-id=\"26e26eb\" data-element_type=\"section\" data-e-type=\"section\">\n\t\t\t\t\t\t<div class=\"elementor-container elementor-column-gap-no\">\n\t\t\t\t\t<div class=\"elementor-column elementor-col-50 elementor-top-column elementor-element elementor-element-b70abb1\" data-id=\"b70abb1\" data-element_type=\"column\" data-e-type=\"column\">\n\t\t\t<div class=\"elementor-widget-wrap elementor-element-populated\">\n\t\t\t\t\t\t<div class=\"elementor-element elementor-element-eff5a0f elementor-widget elementor-widget-heading\" data-id=\"eff5a0f\" data-element_type=\"widget\" data-e-type=\"widget\" data-widget_type=\"heading.default\">\n\t\t\t\t<div class=\"elementor-widget-container\">\n\t\t\t\t\t<h2 class=\"elementor-heading-title elementor-size-default\">Nos implantations<\/h2>\t\t\t\t<\/div>\n\t\t\t\t<\/div>\n\t\t\t\t<div class=\"elementor-element elementor-element-4dd2783 elementor-widget elementor-widget-text-editor\" data-id=\"4dd2783\" data-element_type=\"widget\" data-e-type=\"widget\" data-widget_type=\"text-editor.default\">\n\t\t\t\t<div class=\"elementor-widget-container\">\n\t\t\t\t\t\t\t\t\t<p>Nos bureaux sont situ\u00e9s \u00e0 Montr\u00e9al, Qu\u00e9bec, Canada, mais\u00a0 nous avons la capacit\u00e9 de soutenir votre entreprise, quelle que soit sa localisation.<\/p>\n\t\t\t\t\t\t\t\t<\/div>\n\t\t\t\t<\/div>\n\t\t\t\t\t<\/div>\n\t\t<\/div>\n\t\t\t\t<div class=\"elementor-column elementor-col-50 elementor-top-column elementor-element elementor-element-80dad01\" data-id=\"80dad01\" data-element_type=\"column\" data-e-type=\"column\" data-settings='{\"background_background\":\"classic\",\"background_motion_fx_motion_fx_scrolling\":\"yes\",\"background_motion_fx_translateX_effect\":\"yes\",\"background_motion_fx_translateX_speed\":{\"unit\":\"px\",\"size\":3,\"sizes\":[]},\"background_motion_fx_devices\":[\"desktop\"],\"background_motion_fx_translateX_affectedRange\":{\"unit\":\"%\",\"size\":\"\",\"sizes\":{\"start\":0,\"end\":100}}}'>\n\t\t\t<div class=\"elementor-widget-wrap elementor-element-populated\">\n\t\t\t\t\t\t<div class=\"elementor-element elementor-element-188471b elementor-widget elementor-widget-spacer\" data-id=\"188471b\" data-element_type=\"widget\" data-e-type=\"widget\" data-widget_type=\"spacer.default\">\n\t\t\t\t<div class=\"elementor-widget-container\">\n\t\t\t\t\t\t\t<div class=\"elementor-spacer\">\n\t\t\t<div class=\"elementor-spacer-inner\"><\/div>\n\t\t<\/div>\n\t\t\t\t\t\t<\/div>\n\t\t\t\t<\/div>\n\t\t\t\t\t<\/div>\n\t\t<\/div>\n\t\t\t\t\t<\/div>\n\t\t<\/section>\n\t\t\t\t<\/div>\n\t\t<\/body>\n    <div class=\"xs_social_share_widget xs_share_url after_content \t\tmain_content  wslu-style-1 wslu-share-box-shaped wslu-fill-colored wslu-none wslu-share-horizontal wslu-theme-font-no wslu-main_content\">\n\n\t\t\n        <ul>\n\t\t\t        <\/ul>\n    <\/div> \n","protected":false},"excerpt":{"rendered":"<p>Nous sommes l\u00e0 pour vous aider Appelez-nous au 1-647-302-7269 Envoyez-nous un courriel : info@solutionslogiciellesrobustes.com Planifier une consultation gratuite Nos implantations Nos bureaux sont situ\u00e9s \u00e0 Montr\u00e9al, Qu\u00e9bec, Canada, mais\u00a0 nous avons la capacit\u00e9 de soutenir votre entreprise, quelle que soit sa localisation.<\/p>\n","protected":false},"author":1,"featured_media":988046,"parent":0,"menu_order":0,"comment_status":"closed","ping_status":"closed","template":"","meta":{"footnotes":""},"class_list":["post-988193","page","type-page","status-publish","has-post-thumbnail","hentry"],"yoast_head":"<!-- This site is optimized with the Yoast SEO plugin v27.2 - https:\/\/yoast.com\/product\/yoast-seo-wordpress\/ -->\n<title>Contact - Solutions Logicielles Robustes Inc.<\/title>\n<meta name=\"robots\" content=\"index, follow, max-snippet:-1, max-image-preview:large, max-video-preview:-1\" \/>\n<link rel=\"canonical\" href=\"https:\/\/www.solutionslogiciellesrobustes.com\/fr\/contact\/\" \/>\n<meta property=\"og:locale\" content=\"fr_FR\" \/>\n<meta property=\"og:type\" content=\"article\" \/>\n<meta property=\"og:title\" content=\"Contact - Solutions Logicielles Robustes Inc.\" \/>\n<meta property=\"og:description\" content=\"Nous sommes l\u00e0 pour vous aider Appelez-nous au 1-647-302-7269 Envoyez-nous un courriel : info@solutionslogiciellesrobustes.com Planifier une consultation gratuite Nos implantations Nos bureaux sont situ\u00e9s \u00e0 Montr\u00e9al, Qu\u00e9bec, Canada, mais\u00a0 nous avons la capacit\u00e9 de soutenir votre entreprise, quelle que soit sa localisation.\" \/>\n<meta property=\"og:url\" content=\"https:\/\/www.solutionslogiciellesrobustes.com\/fr\/contact\/\" \/>\n<meta property=\"og:site_name\" content=\"Solutions Logicielles Robustes Inc.\" \/>\n<meta property=\"article:modified_time\" content=\"2023-08-07T13:57:35+00:00\" \/>\n<meta property=\"og:image\" content=\"https:\/\/www.solutionslogiciellesrobustes.com\/wp-content\/uploads\/2023\/04\/pexels-photomix-company-518244.jpg\" \/>\n\t<meta property=\"og:image:width\" content=\"2560\" \/>\n\t<meta property=\"og:image:height\" content=\"688\" \/>\n\t<meta property=\"og:image:type\" content=\"image\/jpeg\" \/>\n<meta name=\"twitter:card\" content=\"summary_large_image\" \/>\n<script type=\"application\/ld+json\" class=\"yoast-schema-graph\">{\"@context\":\"https:\/\/schema.org\",\"@graph\":[{\"@type\":\"WebPage\",\"@id\":\"https:\/\/www.solutionslogiciellesrobustes.com\/fr\/contact\/\",\"url\":\"https:\/\/www.solutionslogiciellesrobustes.com\/fr\/contact\/\",\"name\":\"Contact - Solutions Logicielles Robustes Inc.\",\"isPartOf\":{\"@id\":\"https:\/\/www.solutionslogiciellesrobustes.com\/fr\/#website\"},\"primaryImageOfPage\":{\"@id\":\"https:\/\/www.solutionslogiciellesrobustes.com\/fr\/contact\/#primaryimage\"},\"image\":{\"@id\":\"https:\/\/www.solutionslogiciellesrobustes.com\/fr\/contact\/#primaryimage\"},\"thumbnailUrl\":\"https:\/\/www.solutionslogiciellesrobustes.com\/wp-content\/uploads\/2023\/04\/pexels-photomix-company-518244.jpg\",\"datePublished\":\"2023-03-09T12:53:18+00:00\",\"dateModified\":\"2023-08-07T13:57:35+00:00\",\"breadcrumb\":{\"@id\":\"https:\/\/www.solutionslogiciellesrobustes.com\/fr\/contact\/#breadcrumb\"},\"inLanguage\":\"fr-FR\",\"potentialAction\":[{\"@type\":\"ReadAction\",\"target\":[\"https:\/\/www.solutionslogiciellesrobustes.com\/fr\/contact\/\"]}]},{\"@type\":\"ImageObject\",\"inLanguage\":\"fr-FR\",\"@id\":\"https:\/\/www.solutionslogiciellesrobustes.com\/fr\/contact\/#primaryimage\",\"url\":\"https:\/\/www.solutionslogiciellesrobustes.com\/wp-content\/uploads\/2023\/04\/pexels-photomix-company-518244.jpg\",\"contentUrl\":\"https:\/\/www.solutionslogiciellesrobustes.com\/wp-content\/uploads\/2023\/04\/pexels-photomix-company-518244.jpg\",\"width\":2560,\"height\":688},{\"@type\":\"BreadcrumbList\",\"@id\":\"https:\/\/www.solutionslogiciellesrobustes.com\/fr\/contact\/#breadcrumb\",\"itemListElement\":[{\"@type\":\"ListItem\",\"position\":1,\"name\":\"Home\",\"item\":\"https:\/\/www.solutionslogiciellesrobustes.com\/fr\/services-informatiques\/\"},{\"@type\":\"ListItem\",\"position\":2,\"name\":\"Contact\"}]},{\"@type\":\"WebSite\",\"@id\":\"https:\/\/www.solutionslogiciellesrobustes.com\/fr\/#website\",\"url\":\"https:\/\/www.solutionslogiciellesrobustes.com\/fr\/\",\"name\":\"Solutions Logicielles Robustes Inc.\",\"description\":\"\",\"publisher\":{\"@id\":\"https:\/\/www.solutionslogiciellesrobustes.com\/fr\/#organization\"},\"potentialAction\":[{\"@type\":\"SearchAction\",\"target\":{\"@type\":\"EntryPoint\",\"urlTemplate\":\"https:\/\/www.solutionslogiciellesrobustes.com\/fr\/?s={search_term_string}\"},\"query-input\":{\"@type\":\"PropertyValueSpecification\",\"valueRequired\":true,\"valueName\":\"search_term_string\"}}],\"inLanguage\":\"fr-FR\"},{\"@type\":\"Organization\",\"@id\":\"https:\/\/www.solutionslogiciellesrobustes.com\/fr\/#organization\",\"name\":\"Solutions Logicielles Robustes Inc.\",\"url\":\"https:\/\/www.solutionslogiciellesrobustes.com\/fr\/\",\"logo\":{\"@type\":\"ImageObject\",\"inLanguage\":\"fr-FR\",\"@id\":\"https:\/\/www.solutionslogiciellesrobustes.com\/fr\/#\/schema\/logo\/image\/\",\"url\":\"https:\/\/www.solutionslogiciellesrobustes.com\/wp-content\/uploads\/2022\/04\/cropped-slr01.png\",\"contentUrl\":\"https:\/\/www.solutionslogiciellesrobustes.com\/wp-content\/uploads\/2022\/04\/cropped-slr01.png\",\"width\":462,\"height\":160,\"caption\":\"Solutions Logicielles Robustes Inc.\"},\"image\":{\"@id\":\"https:\/\/www.solutionslogiciellesrobustes.com\/fr\/#\/schema\/logo\/image\/\"}}]}<\/script>\n<!-- \/ Yoast SEO plugin. -->","yoast_head_json":{"title":"Contact - Solutions Logicielles Robustes Inc.","robots":{"index":"index","follow":"follow","max-snippet":"max-snippet:-1","max-image-preview":"max-image-preview:large","max-video-preview":"max-video-preview:-1"},"canonical":"https:\/\/www.solutionslogiciellesrobustes.com\/fr\/contact\/","og_locale":"fr_FR","og_type":"article","og_title":"Contact - Solutions Logicielles Robustes Inc.","og_description":"Nous sommes l\u00e0 pour vous aider Appelez-nous au 1-647-302-7269 Envoyez-nous un courriel : info@solutionslogiciellesrobustes.com Planifier une consultation gratuite Nos implantations Nos bureaux sont situ\u00e9s \u00e0 Montr\u00e9al, Qu\u00e9bec, Canada, mais\u00a0 nous avons la capacit\u00e9 de soutenir votre entreprise, quelle que soit sa localisation.","og_url":"https:\/\/www.solutionslogiciellesrobustes.com\/fr\/contact\/","og_site_name":"Solutions Logicielles Robustes Inc.","article_modified_time":"2023-08-07T13:57:35+00:00","og_image":[{"width":2560,"height":688,"url":"https:\/\/www.solutionslogiciellesrobustes.com\/wp-content\/uploads\/2023\/04\/pexels-photomix-company-518244.jpg","type":"image\/jpeg"}],"twitter_card":"summary_large_image","schema":{"@context":"https:\/\/schema.org","@graph":[{"@type":"WebPage","@id":"https:\/\/www.solutionslogiciellesrobustes.com\/fr\/contact\/","url":"https:\/\/www.solutionslogiciellesrobustes.com\/fr\/contact\/","name":"Contact - Solutions Logicielles Robustes Inc.","isPartOf":{"@id":"https:\/\/www.solutionslogiciellesrobustes.com\/fr\/#website"},"primaryImageOfPage":{"@id":"https:\/\/www.solutionslogiciellesrobustes.com\/fr\/contact\/#primaryimage"},"image":{"@id":"https:\/\/www.solutionslogiciellesrobustes.com\/fr\/contact\/#primaryimage"},"thumbnailUrl":"https:\/\/www.solutionslogiciellesrobustes.com\/wp-content\/uploads\/2023\/04\/pexels-photomix-company-518244.jpg","datePublished":"2023-03-09T12:53:18+00:00","dateModified":"2023-08-07T13:57:35+00:00","breadcrumb":{"@id":"https:\/\/www.solutionslogiciellesrobustes.com\/fr\/contact\/#breadcrumb"},"inLanguage":"fr-FR","potentialAction":[{"@type":"ReadAction","target":["https:\/\/www.solutionslogiciellesrobustes.com\/fr\/contact\/"]}]},{"@type":"ImageObject","inLanguage":"fr-FR","@id":"https:\/\/www.solutionslogiciellesrobustes.com\/fr\/contact\/#primaryimage","url":"https:\/\/www.solutionslogiciellesrobustes.com\/wp-content\/uploads\/2023\/04\/pexels-photomix-company-518244.jpg","contentUrl":"https:\/\/www.solutionslogiciellesrobustes.com\/wp-content\/uploads\/2023\/04\/pexels-photomix-company-518244.jpg","width":2560,"height":688},{"@type":"BreadcrumbList","@id":"https:\/\/www.solutionslogiciellesrobustes.com\/fr\/contact\/#breadcrumb","itemListElement":[{"@type":"ListItem","position":1,"name":"Home","item":"https:\/\/www.solutionslogiciellesrobustes.com\/fr\/services-informatiques\/"},{"@type":"ListItem","position":2,"name":"Contact"}]},{"@type":"WebSite","@id":"https:\/\/www.solutionslogiciellesrobustes.com\/fr\/#website","url":"https:\/\/www.solutionslogiciellesrobustes.com\/fr\/","name":"Solutions Logicielles Robustes Inc.","description":"","publisher":{"@id":"https:\/\/www.solutionslogiciellesrobustes.com\/fr\/#organization"},"potentialAction":[{"@type":"SearchAction","target":{"@type":"EntryPoint","urlTemplate":"https:\/\/www.solutionslogiciellesrobustes.com\/fr\/?s={search_term_string}"},"query-input":{"@type":"PropertyValueSpecification","valueRequired":true,"valueName":"search_term_string"}}],"inLanguage":"fr-FR"},{"@type":"Organization","@id":"https:\/\/www.solutionslogiciellesrobustes.com\/fr\/#organization","name":"Solutions Logicielles Robustes Inc.","url":"https:\/\/www.solutionslogiciellesrobustes.com\/fr\/","logo":{"@type":"ImageObject","inLanguage":"fr-FR","@id":"https:\/\/www.solutionslogiciellesrobustes.com\/fr\/#\/schema\/logo\/image\/","url":"https:\/\/www.solutionslogiciellesrobustes.com\/wp-content\/uploads\/2022\/04\/cropped-slr01.png","contentUrl":"https:\/\/www.solutionslogiciellesrobustes.com\/wp-content\/uploads\/2022\/04\/cropped-slr01.png","width":462,"height":160,"caption":"Solutions Logicielles Robustes Inc."},"image":{"@id":"https:\/\/www.solutionslogiciellesrobustes.com\/fr\/#\/schema\/logo\/image\/"}}]}},"_links":{"self":[{"href":"https:\/\/www.solutionslogiciellesrobustes.com\/fr\/wp-json\/wp\/v2\/pages\/988193","targetHints":{"allow":["GET"]}}],"collection":[{"href":"https:\/\/www.solutionslogiciellesrobustes.com\/fr\/wp-json\/wp\/v2\/pages"}],"about":[{"href":"https:\/\/www.solutionslogiciellesrobustes.com\/fr\/wp-json\/wp\/v2\/types\/page"}],"author":[{"embeddable":true,"href":"https:\/\/www.solutionslogiciellesrobustes.com\/fr\/wp-json\/wp\/v2\/users\/1"}],"replies":[{"embeddable":true,"href":"https:\/\/www.solutionslogiciellesrobustes.com\/fr\/wp-json\/wp\/v2\/comments?post=988193"}],"version-history":[{"count":4,"href":"https:\/\/www.solutionslogiciellesrobustes.com\/fr\/wp-json\/wp\/v2\/pages\/988193\/revisions"}],"predecessor-version":[{"id":988475,"href":"https:\/\/www.solutionslogiciellesrobustes.com\/fr\/wp-json\/wp\/v2\/pages\/988193\/revisions\/988475"}],"wp:featuredmedia":[{"embeddable":true,"href":"https:\/\/www.solutionslogiciellesrobustes.com\/fr\/wp-json\/wp\/v2\/media\/988046"}],"wp:attachment":[{"href":"https:\/\/www.solutionslogiciellesrobustes.com\/fr\/wp-json\/wp\/v2\/media?parent=988193"}],"curies":[{"name":"wp","href":"https:\/\/api.w.org\/{rel}","templated":true}]}}