{"id":988244,"date":"2023-03-16T13:53:41","date_gmt":"2023-03-16T13:53:41","guid":{"rendered":"https:\/\/www.solutionslogiciellesrobustes.com\/politique-de-confidentialite\/"},"modified":"2023-08-04T18:32:27","modified_gmt":"2023-08-04T18:32:27","slug":"politique-de-confidentialite","status":"publish","type":"page","link":"https:\/\/www.solutionslogiciellesrobustes.com\/fr\/politique-de-confidentialite\/","title":{"rendered":"Politique de confidentialit\u00e9"},"content":{"rendered":"<body>\t\t<div data-elementor-type=\"wp-page\" data-elementor-id=\"988244\" class=\"elementor elementor-988244 elementor-1648\" data-elementor-post-type=\"page\">\n\t\t\t\t\t\t<section class=\"elementor-section elementor-top-section elementor-element elementor-element-6c5644c elementor-section-boxed elementor-section-height-default elementor-section-height-default\" data-id=\"6c5644c\" data-element_type=\"section\" data-e-type=\"section\">\n\t\t\t\t\t\t<div class=\"elementor-container elementor-column-gap-default\">\n\t\t\t\t\t<div class=\"elementor-column elementor-col-100 elementor-top-column elementor-element elementor-element-759c98e\" data-id=\"759c98e\" data-element_type=\"column\" data-e-type=\"column\">\n\t\t\t<div class=\"elementor-widget-wrap elementor-element-populated\">\n\t\t\t\t\t\t<div class=\"elementor-element elementor-element-9af75f0 animated-slow elementor-invisible elementor-widget elementor-widget-heading\" data-id=\"9af75f0\" data-element_type=\"widget\" data-e-type=\"widget\" data-settings='{\"_animation\":\"fadeIn\",\"_animation_tablet\":\"none\"}' data-widget_type=\"heading.default\">\n\t\t\t\t<div class=\"elementor-widget-container\">\n\t\t\t\t\t<h1 class=\"elementor-heading-title elementor-size-default\">Politique de confidentialit\u00e9<\/h1>\t\t\t\t<\/div>\n\t\t\t\t<\/div>\n\t\t\t\t<div class=\"elementor-element elementor-element-88a728c animated-slow elementor-invisible elementor-widget elementor-widget-heading\" data-id=\"88a728c\" data-element_type=\"widget\" data-e-type=\"widget\" data-settings='{\"_animation\":\"fadeIn\",\"_animation_tablet\":\"none\",\"_animation_delay\":300}' data-widget_type=\"heading.default\">\n\t\t\t\t<div class=\"elementor-widget-container\">\n\t\t\t\t\t<p class=\"elementor-heading-title elementor-size-default\">pour Tecnologia LLC<\/p>\t\t\t\t<\/div>\n\t\t\t\t<\/div>\n\t\t\t\t<div class=\"elementor-element elementor-element-31a03c4 elementor-widget elementor-widget-spacer\" data-id=\"31a03c4\" data-element_type=\"widget\" data-e-type=\"widget\" data-widget_type=\"spacer.default\">\n\t\t\t\t<div class=\"elementor-widget-container\">\n\t\t\t\t\t\t\t<div class=\"elementor-spacer\">\n\t\t\t<div class=\"elementor-spacer-inner\"><\/div>\n\t\t<\/div>\n\t\t\t\t\t\t<\/div>\n\t\t\t\t<\/div>\n\t\t\t\t\t<\/div>\n\t\t<\/div>\n\t\t\t\t\t<\/div>\n\t\t<\/section>\n\t\t\t\t<section class=\"elementor-section elementor-top-section elementor-element elementor-element-1fcb2d8 elementor-section-boxed elementor-section-height-default elementor-section-height-default\" data-id=\"1fcb2d8\" data-element_type=\"section\" data-e-type=\"section\">\n\t\t\t\t\t\t<div class=\"elementor-container elementor-column-gap-no\">\n\t\t\t\t\t<div class=\"elementor-column elementor-col-100 elementor-top-column elementor-element elementor-element-5923213\" data-id=\"5923213\" data-element_type=\"column\" data-e-type=\"column\">\n\t\t\t<div class=\"elementor-widget-wrap elementor-element-populated\">\n\t\t\t\t\t\t<div class=\"elementor-element elementor-element-6acf5a5 elementor-widget elementor-widget-heading\" data-id=\"6acf5a5\" data-element_type=\"widget\" data-e-type=\"widget\" data-widget_type=\"heading.default\">\n\t\t\t\t<div class=\"elementor-widget-container\">\n\t\t\t\t\t<h3 class=\"elementor-heading-title elementor-size-default\">Quelles sont les informations que nous recueillons ?<\/h3>\t\t\t\t<\/div>\n\t\t\t\t<\/div>\n\t\t\t\t<div class=\"elementor-element elementor-element-d10225c elementor-widget elementor-widget-text-editor\" data-id=\"d10225c\" data-element_type=\"widget\" data-e-type=\"widget\" data-widget_type=\"text-editor.default\">\n\t\t\t\t<div class=\"elementor-widget-container\">\n\t\t\t\t\t\t\t\t\tLorsque vous interagissez avec nous, nous pouvons recueillir votre nom, votre adresse, votre (vos) adresse(s) \u00e9lectronique(s), votre (vos) num\u00e9ro(s) de t\u00e9l\u00e9phone et, le cas \u00e9ch\u00e9ant, votre date de naissance.\n\t\t\t\t\t\t\t\t<\/div>\n\t\t\t\t<\/div>\n\t\t\t\t<div class=\"elementor-element elementor-element-4a7087e elementor-widget elementor-widget-heading\" data-id=\"4a7087e\" data-element_type=\"widget\" data-e-type=\"widget\" data-widget_type=\"heading.default\">\n\t\t\t\t<div class=\"elementor-widget-container\">\n\t\t\t\t\t<h3 class=\"elementor-heading-title elementor-size-default\">Comment recueillons-nous les informations ?<\/h3>\t\t\t\t<\/div>\n\t\t\t\t<\/div>\n\t\t\t\t<div class=\"elementor-element elementor-element-ff17bec elementor-widget elementor-widget-text-editor\" data-id=\"ff17bec\" data-element_type=\"widget\" data-e-type=\"widget\" data-widget_type=\"text-editor.default\">\n\t\t\t\t<div class=\"elementor-widget-container\">\n\t\t\t\t\t\t\t\t\t<p>Nous pouvons recueillir des informations sur vous lorsque vous interagissez avec nous. Par exemple, lorsque vous prenez contact avec nous au sujet de nos activit\u00e9s, que vous vous inscrivez comme sympathisant, que vous envoyez ou recevez des informations ou que vous signez une p\u00e9tition, vous nous fournissez sp\u00e9cifiquement et en toute connaissance de cause vos informations personnelles. Nous pouvons \u00e9galement recevoir des informations vous concernant de la part de tiers, mais uniquement si vous les avez autoris\u00e9s \u00e0 partager ces informations.<\/p>\n\t\t\t\t\t\t\t\t<\/div>\n\t\t\t\t<\/div>\n\t\t\t\t<div class=\"elementor-element elementor-element-066c896 elementor-widget elementor-widget-heading\" data-id=\"066c896\" data-element_type=\"widget\" data-e-type=\"widget\" data-widget_type=\"heading.default\">\n\t\t\t\t<div class=\"elementor-widget-container\">\n\t\t\t\t\t<h3 class=\"elementor-heading-title elementor-size-default\">Confidentialit\u00e9<\/h3>\t\t\t\t<\/div>\n\t\t\t\t<\/div>\n\t\t\t\t<div class=\"elementor-element elementor-element-783a250 elementor-widget elementor-widget-text-editor\" data-id=\"783a250\" data-element_type=\"widget\" data-e-type=\"widget\" data-widget_type=\"text-editor.default\">\n\t\t\t\t<div class=\"elementor-widget-container\">\n\t\t\t\t\t\t\t\t\t<p>Nous ne sommes pas responsables de la confidentialit\u00e9 des donn\u00e9es collect\u00e9es par des sites web qui ne sont pas d\u00e9tenus ou g\u00e9r\u00e9s par la Charit\u00e9, y compris ceux qui sont li\u00e9s \u00e0 notre site web.<\/p>\n\t\t\t\t\t\t\t\t<\/div>\n\t\t\t\t<\/div>\n\t\t\t\t<div class=\"elementor-element elementor-element-d40b075 elementor-widget elementor-widget-heading\" data-id=\"d40b075\" data-element_type=\"widget\" data-e-type=\"widget\" data-widget_type=\"heading.default\">\n\t\t\t\t<div class=\"elementor-widget-container\">\n\t\t\t\t\t<h3 class=\"elementor-heading-title elementor-size-default\">D\u00e9poser une plainte<\/h3>\t\t\t\t<\/div>\n\t\t\t\t<\/div>\n\t\t\t\t<div class=\"elementor-element elementor-element-9e1f706 elementor-widget elementor-widget-text-editor\" data-id=\"9e1f706\" data-element_type=\"widget\" data-e-type=\"widget\" data-widget_type=\"text-editor.default\">\n\t\t\t\t<div class=\"elementor-widget-container\">\n\t\t\t\t\t\t\t\t\t<p>Si vous n\u2019\u00eates pas satisfait de la r\u00e9ponse, veuillez nous contacter \u00e0 l\u2019adresse konstruktion@email.com en expliquant en d\u00e9tail vos pr\u00e9occupations. Nous examinerons votre plainte, v\u00e9rifierons si les proc\u00e9dures appropri\u00e9es ont \u00e9t\u00e9 suivies et vous r\u00e9pondrons le cas \u00e9ch\u00e9ant. Nous nous effor\u00e7ons de mener \u00e0 bien cette enqu\u00eate dans un d\u00e9lai de 15 jours ouvrables \u00e0 compter de la r\u00e9ception de votre plainte, mais dans certains cas, cela peut prendre plus de temps. Si vous n\u2019\u00eates toujours pas satisfait de la r\u00e9ponse, vous pouvez nous contacter.<\/p>\n\t\t\t\t\t\t\t\t<\/div>\n\t\t\t\t<\/div>\n\t\t\t\t\t<\/div>\n\t\t<\/div>\n\t\t\t\t\t<\/div>\n\t\t<\/section>\n\t\t\t\t<\/div>\n\t\t<\/body>\n    <div class=\"xs_social_share_widget xs_share_url after_content \t\tmain_content  wslu-style-1 wslu-share-box-shaped wslu-fill-colored wslu-none wslu-share-horizontal wslu-theme-font-no wslu-main_content\">\n\n\t\t\n        <ul>\n\t\t\t        <\/ul>\n    <\/div> \n","protected":false},"excerpt":{"rendered":"<p>Politique de confidentialit\u00e9 pour Tecnologia LLC Quelles sont les informations que nous recueillons ? Lorsque vous interagissez avec nous, nous pouvons recueillir votre nom, votre adresse, votre (vos) adresse(s) \u00e9lectronique(s), votre (vos) num\u00e9ro(s) de t\u00e9l\u00e9phone et, le cas \u00e9ch\u00e9ant, votre date de naissance. Comment recueillons-nous les informations ? Nous pouvons recueillir des informations sur vous&#8230;<\/p>\n","protected":false},"author":1,"featured_media":0,"parent":0,"menu_order":0,"comment_status":"closed","ping_status":"closed","template":"","meta":{"footnotes":""},"class_list":["post-988244","page","type-page","status-publish","hentry"],"yoast_head":"<!-- This site is optimized with the Yoast SEO plugin v27.2 - https:\/\/yoast.com\/product\/yoast-seo-wordpress\/ -->\n<title>Politique de confidentialit\u00e9 - Solutions Logicielles Robustes Inc.<\/title>\n<meta name=\"robots\" content=\"index, follow, max-snippet:-1, max-image-preview:large, max-video-preview:-1\" \/>\n<link rel=\"canonical\" href=\"https:\/\/www.solutionslogiciellesrobustes.com\/fr\/politique-de-confidentialite\/\" \/>\n<meta property=\"og:locale\" content=\"fr_FR\" \/>\n<meta property=\"og:type\" content=\"article\" \/>\n<meta property=\"og:title\" content=\"Politique de confidentialit\u00e9 - Solutions Logicielles Robustes Inc.\" \/>\n<meta property=\"og:description\" content=\"Politique de confidentialit\u00e9 pour Tecnologia LLC Quelles sont les informations que nous recueillons ? Lorsque vous interagissez avec nous, nous pouvons recueillir votre nom, votre adresse, votre (vos) adresse(s) \u00e9lectronique(s), votre (vos) num\u00e9ro(s) de t\u00e9l\u00e9phone et, le cas \u00e9ch\u00e9ant, votre date de naissance. Comment recueillons-nous les informations ? Nous pouvons recueillir des informations sur vous...\" \/>\n<meta property=\"og:url\" content=\"https:\/\/www.solutionslogiciellesrobustes.com\/fr\/politique-de-confidentialite\/\" \/>\n<meta property=\"og:site_name\" content=\"Solutions Logicielles Robustes Inc.\" \/>\n<meta property=\"article:modified_time\" content=\"2023-08-04T18:32:27+00:00\" \/>\n<meta name=\"twitter:card\" content=\"summary_large_image\" \/>\n<meta name=\"twitter:label1\" content=\"Dur\u00e9e de lecture estim\u00e9e\" \/>\n\t<meta name=\"twitter:data1\" content=\"1 minute\" \/>\n<script type=\"application\/ld+json\" class=\"yoast-schema-graph\">{\"@context\":\"https:\/\/schema.org\",\"@graph\":[{\"@type\":\"WebPage\",\"@id\":\"https:\/\/www.solutionslogiciellesrobustes.com\/fr\/politique-de-confidentialite\/\",\"url\":\"https:\/\/www.solutionslogiciellesrobustes.com\/fr\/politique-de-confidentialite\/\",\"name\":\"Politique de confidentialit\u00e9 - Solutions Logicielles Robustes Inc.\",\"isPartOf\":{\"@id\":\"https:\/\/www.solutionslogiciellesrobustes.com\/fr\/#website\"},\"datePublished\":\"2023-03-16T13:53:41+00:00\",\"dateModified\":\"2023-08-04T18:32:27+00:00\",\"breadcrumb\":{\"@id\":\"https:\/\/www.solutionslogiciellesrobustes.com\/fr\/politique-de-confidentialite\/#breadcrumb\"},\"inLanguage\":\"fr-FR\",\"potentialAction\":[{\"@type\":\"ReadAction\",\"target\":[\"https:\/\/www.solutionslogiciellesrobustes.com\/fr\/politique-de-confidentialite\/\"]}]},{\"@type\":\"BreadcrumbList\",\"@id\":\"https:\/\/www.solutionslogiciellesrobustes.com\/fr\/politique-de-confidentialite\/#breadcrumb\",\"itemListElement\":[{\"@type\":\"ListItem\",\"position\":1,\"name\":\"Home\",\"item\":\"https:\/\/www.solutionslogiciellesrobustes.com\/fr\/services-informatiques\/\"},{\"@type\":\"ListItem\",\"position\":2,\"name\":\"Politique de confidentialit\u00e9\"}]},{\"@type\":\"WebSite\",\"@id\":\"https:\/\/www.solutionslogiciellesrobustes.com\/fr\/#website\",\"url\":\"https:\/\/www.solutionslogiciellesrobustes.com\/fr\/\",\"name\":\"Solutions Logicielles Robustes Inc.\",\"description\":\"\",\"publisher\":{\"@id\":\"https:\/\/www.solutionslogiciellesrobustes.com\/fr\/#organization\"},\"potentialAction\":[{\"@type\":\"SearchAction\",\"target\":{\"@type\":\"EntryPoint\",\"urlTemplate\":\"https:\/\/www.solutionslogiciellesrobustes.com\/fr\/?s={search_term_string}\"},\"query-input\":{\"@type\":\"PropertyValueSpecification\",\"valueRequired\":true,\"valueName\":\"search_term_string\"}}],\"inLanguage\":\"fr-FR\"},{\"@type\":\"Organization\",\"@id\":\"https:\/\/www.solutionslogiciellesrobustes.com\/fr\/#organization\",\"name\":\"Solutions Logicielles Robustes Inc.\",\"url\":\"https:\/\/www.solutionslogiciellesrobustes.com\/fr\/\",\"logo\":{\"@type\":\"ImageObject\",\"inLanguage\":\"fr-FR\",\"@id\":\"https:\/\/www.solutionslogiciellesrobustes.com\/fr\/#\/schema\/logo\/image\/\",\"url\":\"https:\/\/www.solutionslogiciellesrobustes.com\/wp-content\/uploads\/2022\/04\/cropped-slr01.png\",\"contentUrl\":\"https:\/\/www.solutionslogiciellesrobustes.com\/wp-content\/uploads\/2022\/04\/cropped-slr01.png\",\"width\":462,\"height\":160,\"caption\":\"Solutions Logicielles Robustes Inc.\"},\"image\":{\"@id\":\"https:\/\/www.solutionslogiciellesrobustes.com\/fr\/#\/schema\/logo\/image\/\"}}]}<\/script>\n<!-- \/ Yoast SEO plugin. -->","yoast_head_json":{"title":"Politique de confidentialit\u00e9 - Solutions Logicielles Robustes Inc.","robots":{"index":"index","follow":"follow","max-snippet":"max-snippet:-1","max-image-preview":"max-image-preview:large","max-video-preview":"max-video-preview:-1"},"canonical":"https:\/\/www.solutionslogiciellesrobustes.com\/fr\/politique-de-confidentialite\/","og_locale":"fr_FR","og_type":"article","og_title":"Politique de confidentialit\u00e9 - Solutions Logicielles Robustes Inc.","og_description":"Politique de confidentialit\u00e9 pour Tecnologia LLC Quelles sont les informations que nous recueillons ? Lorsque vous interagissez avec nous, nous pouvons recueillir votre nom, votre adresse, votre (vos) adresse(s) \u00e9lectronique(s), votre (vos) num\u00e9ro(s) de t\u00e9l\u00e9phone et, le cas \u00e9ch\u00e9ant, votre date de naissance. Comment recueillons-nous les informations ? Nous pouvons recueillir des informations sur vous...","og_url":"https:\/\/www.solutionslogiciellesrobustes.com\/fr\/politique-de-confidentialite\/","og_site_name":"Solutions Logicielles Robustes Inc.","article_modified_time":"2023-08-04T18:32:27+00:00","twitter_card":"summary_large_image","twitter_misc":{"Dur\u00e9e de lecture estim\u00e9e":"1 minute"},"schema":{"@context":"https:\/\/schema.org","@graph":[{"@type":"WebPage","@id":"https:\/\/www.solutionslogiciellesrobustes.com\/fr\/politique-de-confidentialite\/","url":"https:\/\/www.solutionslogiciellesrobustes.com\/fr\/politique-de-confidentialite\/","name":"Politique de confidentialit\u00e9 - Solutions Logicielles Robustes Inc.","isPartOf":{"@id":"https:\/\/www.solutionslogiciellesrobustes.com\/fr\/#website"},"datePublished":"2023-03-16T13:53:41+00:00","dateModified":"2023-08-04T18:32:27+00:00","breadcrumb":{"@id":"https:\/\/www.solutionslogiciellesrobustes.com\/fr\/politique-de-confidentialite\/#breadcrumb"},"inLanguage":"fr-FR","potentialAction":[{"@type":"ReadAction","target":["https:\/\/www.solutionslogiciellesrobustes.com\/fr\/politique-de-confidentialite\/"]}]},{"@type":"BreadcrumbList","@id":"https:\/\/www.solutionslogiciellesrobustes.com\/fr\/politique-de-confidentialite\/#breadcrumb","itemListElement":[{"@type":"ListItem","position":1,"name":"Home","item":"https:\/\/www.solutionslogiciellesrobustes.com\/fr\/services-informatiques\/"},{"@type":"ListItem","position":2,"name":"Politique de confidentialit\u00e9"}]},{"@type":"WebSite","@id":"https:\/\/www.solutionslogiciellesrobustes.com\/fr\/#website","url":"https:\/\/www.solutionslogiciellesrobustes.com\/fr\/","name":"Solutions Logicielles Robustes Inc.","description":"","publisher":{"@id":"https:\/\/www.solutionslogiciellesrobustes.com\/fr\/#organization"},"potentialAction":[{"@type":"SearchAction","target":{"@type":"EntryPoint","urlTemplate":"https:\/\/www.solutionslogiciellesrobustes.com\/fr\/?s={search_term_string}"},"query-input":{"@type":"PropertyValueSpecification","valueRequired":true,"valueName":"search_term_string"}}],"inLanguage":"fr-FR"},{"@type":"Organization","@id":"https:\/\/www.solutionslogiciellesrobustes.com\/fr\/#organization","name":"Solutions Logicielles Robustes Inc.","url":"https:\/\/www.solutionslogiciellesrobustes.com\/fr\/","logo":{"@type":"ImageObject","inLanguage":"fr-FR","@id":"https:\/\/www.solutionslogiciellesrobustes.com\/fr\/#\/schema\/logo\/image\/","url":"https:\/\/www.solutionslogiciellesrobustes.com\/wp-content\/uploads\/2022\/04\/cropped-slr01.png","contentUrl":"https:\/\/www.solutionslogiciellesrobustes.com\/wp-content\/uploads\/2022\/04\/cropped-slr01.png","width":462,"height":160,"caption":"Solutions Logicielles Robustes Inc."},"image":{"@id":"https:\/\/www.solutionslogiciellesrobustes.com\/fr\/#\/schema\/logo\/image\/"}}]}},"_links":{"self":[{"href":"https:\/\/www.solutionslogiciellesrobustes.com\/fr\/wp-json\/wp\/v2\/pages\/988244","targetHints":{"allow":["GET"]}}],"collection":[{"href":"https:\/\/www.solutionslogiciellesrobustes.com\/fr\/wp-json\/wp\/v2\/pages"}],"about":[{"href":"https:\/\/www.solutionslogiciellesrobustes.com\/fr\/wp-json\/wp\/v2\/types\/page"}],"author":[{"embeddable":true,"href":"https:\/\/www.solutionslogiciellesrobustes.com\/fr\/wp-json\/wp\/v2\/users\/1"}],"replies":[{"embeddable":true,"href":"https:\/\/www.solutionslogiciellesrobustes.com\/fr\/wp-json\/wp\/v2\/comments?post=988244"}],"version-history":[{"count":1,"href":"https:\/\/www.solutionslogiciellesrobustes.com\/fr\/wp-json\/wp\/v2\/pages\/988244\/revisions"}],"predecessor-version":[{"id":988255,"href":"https:\/\/www.solutionslogiciellesrobustes.com\/fr\/wp-json\/wp\/v2\/pages\/988244\/revisions\/988255"}],"wp:attachment":[{"href":"https:\/\/www.solutionslogiciellesrobustes.com\/fr\/wp-json\/wp\/v2\/media?parent=988244"}],"curies":[{"name":"wp","href":"https:\/\/api.w.org\/{rel}","templated":true}]}}