{"id":988248,"date":"2023-04-03T13:00:58","date_gmt":"2023-04-03T13:00:58","guid":{"rendered":"https:\/\/www.solutionslogiciellesrobustes.com\/sans-but-lucratif\/"},"modified":"2023-08-07T15:54:06","modified_gmt":"2023-08-07T15:54:06","slug":"sans-but-lucratif","status":"publish","type":"page","link":"https:\/\/www.solutionslogiciellesrobustes.com\/fr\/industries\/sans-but-lucratif\/","title":{"rendered":"Sans but lucratif"},"content":{"rendered":"<body>\t\t<div data-elementor-type=\"wp-page\" data-elementor-id=\"988248\" class=\"elementor elementor-988248 elementor-7175\" data-elementor-post-type=\"page\">\n\t\t\t\t\t\t<section class=\"elementor-section elementor-top-section elementor-element elementor-element-2184cfd2 elementor-section-boxed elementor-section-height-default elementor-section-height-default\" data-id=\"2184cfd2\" data-element_type=\"section\" data-e-type=\"section\">\n\t\t\t\t\t\t<div class=\"elementor-container elementor-column-gap-no\">\n\t\t\t\t\t<div class=\"elementor-column elementor-col-100 elementor-top-column elementor-element elementor-element-63c01579\" data-id=\"63c01579\" data-element_type=\"column\" data-e-type=\"column\">\n\t\t\t<div class=\"elementor-widget-wrap elementor-element-populated\">\n\t\t\t\t\t\t<div class=\"elementor-element elementor-element-3348eb71 elementor-widget__width-auto elementor-widget elementor-widget-heading\" data-id=\"3348eb71\" data-element_type=\"widget\" data-e-type=\"widget\" data-widget_type=\"heading.default\">\n\t\t\t\t<div class=\"elementor-widget-container\">\n\t\t\t\t\t<div class=\"elementor-heading-title elementor-size-default\">Focus<\/div>\t\t\t\t<\/div>\n\t\t\t\t<\/div>\n\t\t\t\t<div class=\"elementor-element elementor-element-189105df elementor-widget elementor-widget-text-editor\" data-id=\"189105df\" data-element_type=\"widget\" data-e-type=\"widget\" data-widget_type=\"text-editor.default\">\n\t\t\t\t<div class=\"elementor-widget-container\">\n\t\t\t\t\t\t\t\t\t<p>Vous avez des commandes \u00e0 honorer, des livraisons \u00e0 effectuer et des clients \u00e0 satisfaire. Pourquoi perdre votre temps et vos pr\u00e9cieuses ressources de production \u00e0 vous pr\u00e9occuper de votre infrastructure informatique ? Avec le bon fournisseur de services g\u00e9r\u00e9s, vous avez l\u2019assurance que toutes vos t\u00e2ches informatiques quotidiennes sont prises en charge, ce qui vous permet de vous concentrer sur votre travail. Chez <span style=\"font-family: Helvetica; font-size: 20px; font-style: normal; font-variant-ligatures: normal; font-variant-caps: normal; font-weight: 400;\">Solutions Logicielles Robustes<\/span>, nous comprenons les exigences uniques de la gestion des TI dans un environnement de fabrication, qu\u2019il s\u2019agisse de maintenir votre IOT ou de s\u2019assurer que votre syst\u00e8me ERP est correctement patch\u00e9 et mis \u00e0 jour. Laissez-nous vous aider \u00e0 faire tourner votre boutique et \u00e0 cr\u00e9er un plan d\u2019infrastructure informatique sur lequel vous pourrez vous d\u00e9velopper.<\/p>\n\t\t\t\t\t\t\t\t<\/div>\n\t\t\t\t<\/div>\n\t\t\t\t\t<\/div>\n\t\t<\/div>\n\t\t\t\t\t<\/div>\n\t\t<\/section>\n\t\t\t\t<section class=\"elementor-section elementor-top-section elementor-element elementor-element-68bd8602 elementor-section-items-stretch elementor-section-content-bottom elementor-section-height-min-height elementor-section-boxed elementor-section-height-default\" data-id=\"68bd8602\" data-element_type=\"section\" data-e-type=\"section\">\n\t\t\t\t\t\t<div class=\"elementor-container elementor-column-gap-no\">\n\t\t\t\t\t<div class=\"elementor-column elementor-col-50 elementor-top-column elementor-element elementor-element-34edec0\" data-id=\"34edec0\" data-element_type=\"column\" data-e-type=\"column\" data-settings='{\"background_background\":\"classic\"}'>\n\t\t\t<div class=\"elementor-widget-wrap elementor-element-populated\">\n\t\t\t\t\t\t<div class=\"elementor-element elementor-element-63eb2858 elementor-widget elementor-widget-spacer\" data-id=\"63eb2858\" data-element_type=\"widget\" data-e-type=\"widget\" data-widget_type=\"spacer.default\">\n\t\t\t\t<div class=\"elementor-widget-container\">\n\t\t\t\t\t\t\t<div class=\"elementor-spacer\">\n\t\t\t<div class=\"elementor-spacer-inner\"><\/div>\n\t\t<\/div>\n\t\t\t\t\t\t<\/div>\n\t\t\t\t<\/div>\n\t\t\t\t\t<\/div>\n\t\t<\/div>\n\t\t\t\t<div class=\"elementor-column elementor-col-50 elementor-top-column elementor-element elementor-element-7adf9906\" data-id=\"7adf9906\" data-element_type=\"column\" data-e-type=\"column\">\n\t\t\t<div class=\"elementor-widget-wrap elementor-element-populated\">\n\t\t\t\t\t\t<div class=\"elementor-element elementor-element-7cd853f8 elementor-widget-mobile__width-inherit elementor-widget elementor-widget-heading\" data-id=\"7cd853f8\" data-element_type=\"widget\" data-e-type=\"widget\" data-widget_type=\"heading.default\">\n\t\t\t\t<div class=\"elementor-widget-container\">\n\t\t\t\t\t<h2 class=\"elementor-heading-title elementor-size-default\">Votre partenaire informatique local, sur site et sur appel<\/h2>\t\t\t\t<\/div>\n\t\t\t\t<\/div>\n\t\t\t\t<div class=\"elementor-element elementor-element-6d04c31 elementor-widget-mobile__width-inherit elementor-widget elementor-widget-text-editor\" data-id=\"6d04c31\" data-element_type=\"widget\" data-e-type=\"widget\" data-widget_type=\"text-editor.default\">\n\t\t\t\t<div class=\"elementor-widget-container\">\n\t\t\t\t\t\t\t\t\t<p>Nous offrons \u00e0 nos clients le meilleur des deux mondes : des ing\u00e9nieurs, du personnel de service et des vCIO (virtual Chief Information Officers) bas\u00e9s localement qui g\u00e8rent votre compte et les appels de service, soutenus par un r\u00e9seau national de techniciens hautement qualifi\u00e9s.<\/p>\n<p>Votre vCIO local d\u00e9di\u00e9 conduira des \u00e9valuations strat\u00e9giques, des analyses d\u2019\u00e9cart et une gestion de projet pour votre informatique. Ils veillent \u00e0 ce que nos clients disposent de la capacit\u00e9 r\u00e9seau, du mat\u00e9riel\/des logiciels et des solutions de cybers\u00e9curit\u00e9 dont ils ont besoin pour r\u00e9pondre aux besoins de leur entreprise, que ce soit dans l\u2019atelier, sur le terrain ou au bureau.<\/p>\t\t\t\t\t\t\t\t<\/div>\n\t\t\t\t<\/div>\n\t\t\t\t\t<\/div>\n\t\t<\/div>\n\t\t\t\t\t<\/div>\n\t\t<\/section>\n\t\t\t\t<section class=\"elementor-section elementor-top-section elementor-element elementor-element-a4062ae elementor-section-boxed elementor-section-height-default elementor-section-height-default\" data-id=\"a4062ae\" data-element_type=\"section\" data-e-type=\"section\">\n\t\t\t\t\t\t<div class=\"elementor-container elementor-column-gap-no\">\n\t\t\t\t\t<div class=\"elementor-column elementor-col-50 elementor-top-column elementor-element elementor-element-2540f6a1\" data-id=\"2540f6a1\" data-element_type=\"column\" data-e-type=\"column\">\n\t\t\t<div class=\"elementor-widget-wrap elementor-element-populated\">\n\t\t\t\t\t\t<div class=\"elementor-element elementor-element-4f718d9b elementor-widget elementor-widget-heading\" data-id=\"4f718d9b\" data-element_type=\"widget\" data-e-type=\"widget\" data-widget_type=\"heading.default\">\n\t\t\t\t<div class=\"elementor-widget-container\">\n\t\t\t\t\t<h2 class=\"elementor-heading-title elementor-size-default\">Services informatiques pour l'industrie manufacturi\u00e8re, fournis \u00e0 grande \u00e9chelle<\/h2>\t\t\t\t<\/div>\n\t\t\t\t<\/div>\n\t\t\t\t\t<\/div>\n\t\t<\/div>\n\t\t\t\t<div class=\"elementor-column elementor-col-50 elementor-top-column elementor-element elementor-element-14e94a09 elementor-hidden-tablet elementor-hidden-mobile\" data-id=\"14e94a09\" data-element_type=\"column\" data-e-type=\"column\">\n\t\t\t<div class=\"elementor-widget-wrap\">\n\t\t\t\t\t\t\t<\/div>\n\t\t<\/div>\n\t\t\t\t\t<\/div>\n\t\t<\/section>\n\t\t\t\t<section class=\"elementor-section elementor-top-section elementor-element elementor-element-2e7a23bd elementor-section-boxed elementor-section-height-default elementor-section-height-default\" data-id=\"2e7a23bd\" data-element_type=\"section\" data-e-type=\"section\">\n\t\t\t\t\t\t<div class=\"elementor-container elementor-column-gap-no\">\n\t\t\t\t\t<div class=\"elementor-column elementor-col-33 elementor-top-column elementor-element elementor-element-3e2ca90f\" data-id=\"3e2ca90f\" data-element_type=\"column\" data-e-type=\"column\">\n\t\t\t<div class=\"elementor-widget-wrap elementor-element-populated\">\n\t\t\t\t\t\t<div class=\"elementor-element elementor-element-7afd02e8 elementor-widget elementor-widget-text-editor\" data-id=\"7afd02e8\" data-element_type=\"widget\" data-e-type=\"widget\" data-widget_type=\"text-editor.default\">\n\t\t\t\t<div class=\"elementor-widget-container\">\n\t\t\t\t\t\t\t\t\t<p>Combien de temps passez-vous \u00e0 r\u00e9parer les syst\u00e8mes lorsqu\u2019ils tombent en panne ? Combien de productivit\u00e9 perdez-vous en raison de connexions lentes ou mauvaises ? Tecnologia peut vous aider \u00e0 r\u00e9soudre les probl\u00e8mes qui entravent votre productivit\u00e9.<\/p>\n\t\t\t\t\t\t\t\t<\/div>\n\t\t\t\t<\/div>\n\t\t\t\t\t<\/div>\n\t\t<\/div>\n\t\t\t\t<div class=\"elementor-column elementor-col-33 elementor-top-column elementor-element elementor-element-1810cb02\" data-id=\"1810cb02\" data-element_type=\"column\" data-e-type=\"column\">\n\t\t\t<div class=\"elementor-widget-wrap\">\n\t\t\t\t\t\t\t<\/div>\n\t\t<\/div>\n\t\t\t\t<div class=\"elementor-column elementor-col-33 elementor-top-column elementor-element elementor-element-31423e41\" data-id=\"31423e41\" data-element_type=\"column\" data-e-type=\"column\">\n\t\t\t<div class=\"elementor-widget-wrap elementor-element-populated\">\n\t\t\t\t\t\t<div class=\"elementor-element elementor-element-34e34b47 elementor-widget elementor-widget-text-editor\" data-id=\"34e34b47\" data-element_type=\"widget\" data-e-type=\"widget\" data-widget_type=\"text-editor.default\">\n\t\t\t\t<div class=\"elementor-widget-container\">\n\t\t\t\t\t\t\t\t\t<p>Nos techniciens de service locaux peuvent se rendre sur place en cas de besoin, pour effectuer les installations et la maintenance. Nous faisons le travail correctement d\u00e8s la premi\u00e8re fois, en mettant \u00e0 la disposition de votre entreprise le mat\u00e9riel, les logiciels et les solutions de mise en r\u00e9seau qui int\u00e8grent de mani\u00e8re transparente toutes vos technologies.<\/p>\n\t\t\t\t\t\t\t\t<\/div>\n\t\t\t\t<\/div>\n\t\t\t\t\t<\/div>\n\t\t<\/div>\n\t\t\t\t\t<\/div>\n\t\t<\/section>\n\t\t\t\t<section class=\"elementor-section elementor-top-section elementor-element elementor-element-4b6bb336 elementor-section-items-stretch elementor-section-content-bottom elementor-section-height-min-height elementor-section-boxed elementor-section-height-default\" data-id=\"4b6bb336\" data-element_type=\"section\" data-e-type=\"section\">\n\t\t\t\t\t\t<div class=\"elementor-container elementor-column-gap-no\">\n\t\t\t\t\t<div class=\"elementor-column elementor-col-50 elementor-top-column elementor-element elementor-element-5bd5ee2d\" data-id=\"5bd5ee2d\" data-element_type=\"column\" data-e-type=\"column\">\n\t\t\t<div class=\"elementor-widget-wrap elementor-element-populated\">\n\t\t\t\t\t\t<div class=\"elementor-element elementor-element-6fce7baf elementor-widget-mobile__width-inherit elementor-widget elementor-widget-heading\" data-id=\"6fce7baf\" data-element_type=\"widget\" data-e-type=\"widget\" data-widget_type=\"heading.default\">\n\t\t\t\t<div class=\"elementor-widget-container\">\n\t\t\t\t\t<h2 class=\"elementor-heading-title elementor-size-default\">R\u00e9duisez vos co\u00fbts tout en am\u00e9liorant votre productivit\u00e9<\/h2>\t\t\t\t<\/div>\n\t\t\t\t<\/div>\n\t\t\t\t<div class=\"elementor-element elementor-element-1ca307d0 elementor-widget-mobile__width-inherit elementor-widget elementor-widget-text-editor\" data-id=\"1ca307d0\" data-element_type=\"widget\" data-e-type=\"widget\" data-widget_type=\"text-editor.default\">\n\t\t\t\t<div class=\"elementor-widget-container\">\n\t\t\t\t\t\t\t\t\t<p>Avec nos offres de services g\u00e9r\u00e9s, nous nous occupons de tous les probl\u00e8mes \u00e0 votre place. Plus besoin de passer des heures au t\u00e9l\u00e9phone, de jouer \u00e0 la roulette des vendeurs pendant que vos syst\u00e8mes sont en panne. Nous sommes l\u00e0 pour vous.<\/p>\n\t\t\t\t\t\t\t\t<\/div>\n\t\t\t\t<\/div>\n\t\t\t\t<div class=\"vamtam-has-theme-widget-styles elementor-element elementor-element-70244c92 elementor-widget__width-auto elementor-widget-mobile__width-inherit elementor-widget-tablet__width-auto elementor-widget elementor-widget-button\" data-id=\"70244c92\" data-element_type=\"widget\" data-e-type=\"widget\" data-widget_type=\"button.default\">\n\t\t\t\t<div class=\"elementor-widget-container\">\n\t\t\t\t\t\t\t\t\t<div class=\"elementor-button-wrapper\">\n\t\t\t\t\t<a class=\"elementor-button elementor-button-link elementor-size-sm\" href=\"#form\">\n\t\t\t\t\t\t<span class=\"elementor-button-content-wrapper\">\n\t\t\t\t\t\t\t\t\t<span class=\"elementor-button-text\">Obtenir une consultation gratuite<\/span>\n\t\t\t\t\t<\/span>\n\t\t\t\t\t<\/a>\n\t\t\t\t<\/div>\n\t\t\t\t\t\t\t\t<\/div>\n\t\t\t\t<\/div>\n\t\t\t\t\t<\/div>\n\t\t<\/div>\n\t\t\t\t<div class=\"elementor-column elementor-col-50 elementor-top-column elementor-element elementor-element-1f0e9bb0\" data-id=\"1f0e9bb0\" data-element_type=\"column\" data-e-type=\"column\" data-settings='{\"background_background\":\"classic\"}'>\n\t\t\t<div class=\"elementor-widget-wrap elementor-element-populated\">\n\t\t\t\t\t\t<div class=\"elementor-element elementor-element-1e028fcb elementor-widget elementor-widget-spacer\" data-id=\"1e028fcb\" data-element_type=\"widget\" data-e-type=\"widget\" data-widget_type=\"spacer.default\">\n\t\t\t\t<div class=\"elementor-widget-container\">\n\t\t\t\t\t\t\t<div class=\"elementor-spacer\">\n\t\t\t<div class=\"elementor-spacer-inner\"><\/div>\n\t\t<\/div>\n\t\t\t\t\t\t<\/div>\n\t\t\t\t<\/div>\n\t\t\t\t\t<\/div>\n\t\t<\/div>\n\t\t\t\t\t<\/div>\n\t\t<\/section>\n\t\t\t\t<\/div>\n\t\t<\/body>\n    <div class=\"xs_social_share_widget xs_share_url after_content \t\tmain_content  wslu-style-1 wslu-share-box-shaped wslu-fill-colored wslu-none wslu-share-horizontal wslu-theme-font-no wslu-main_content\">\n\n\t\t\n        <ul>\n\t\t\t        <\/ul>\n    <\/div> \n","protected":false},"excerpt":{"rendered":"<p>Des services informatiques fiables et perspicaces pour des entreprises productives et efficaces<\/p>\n","protected":false},"author":1,"featured_media":988066,"parent":988335,"menu_order":0,"comment_status":"closed","ping_status":"closed","template":"","meta":{"footnotes":""},"class_list":["post-988248","page","type-page","status-publish","has-post-thumbnail","hentry"],"yoast_head":"<!-- This site is optimized with the Yoast SEO plugin v27.2 - https:\/\/yoast.com\/product\/yoast-seo-wordpress\/ -->\n<title>Sans but lucratif - Solutions Logicielles Robustes Inc.<\/title>\n<meta name=\"robots\" content=\"index, follow, max-snippet:-1, max-image-preview:large, max-video-preview:-1\" \/>\n<link rel=\"canonical\" href=\"https:\/\/www.solutionslogiciellesrobustes.com\/fr\/industries\/sans-but-lucratif\/\" \/>\n<meta property=\"og:locale\" content=\"fr_FR\" \/>\n<meta property=\"og:type\" content=\"article\" \/>\n<meta property=\"og:title\" content=\"Sans but lucratif - Solutions Logicielles Robustes Inc.\" \/>\n<meta property=\"og:description\" content=\"Des services informatiques fiables et perspicaces pour des entreprises productives et efficaces\" \/>\n<meta property=\"og:url\" content=\"https:\/\/www.solutionslogiciellesrobustes.com\/fr\/industries\/sans-but-lucratif\/\" \/>\n<meta property=\"og:site_name\" content=\"Solutions Logicielles Robustes Inc.\" \/>\n<meta property=\"article:modified_time\" content=\"2023-08-07T15:54:06+00:00\" \/>\n<meta property=\"og:image\" content=\"https:\/\/www.solutionslogiciellesrobustes.com\/wp-content\/uploads\/2023\/04\/pexels-rfstudio-3811082.jpg\" \/>\n\t<meta property=\"og:image:width\" content=\"2558\" \/>\n\t<meta property=\"og:image:height\" content=\"688\" \/>\n\t<meta property=\"og:image:type\" content=\"image\/jpeg\" \/>\n<meta name=\"twitter:card\" content=\"summary_large_image\" \/>\n<meta name=\"twitter:label1\" content=\"Dur\u00e9e de lecture estim\u00e9e\" \/>\n\t<meta name=\"twitter:data1\" content=\"2 minutes\" \/>\n<script type=\"application\/ld+json\" class=\"yoast-schema-graph\">{\"@context\":\"https:\/\/schema.org\",\"@graph\":[{\"@type\":\"WebPage\",\"@id\":\"https:\/\/www.solutionslogiciellesrobustes.com\/fr\/industries\/sans-but-lucratif\/\",\"url\":\"https:\/\/www.solutionslogiciellesrobustes.com\/fr\/industries\/sans-but-lucratif\/\",\"name\":\"Sans but lucratif - Solutions Logicielles Robustes Inc.\",\"isPartOf\":{\"@id\":\"https:\/\/www.solutionslogiciellesrobustes.com\/fr\/#website\"},\"primaryImageOfPage\":{\"@id\":\"https:\/\/www.solutionslogiciellesrobustes.com\/fr\/industries\/sans-but-lucratif\/#primaryimage\"},\"image\":{\"@id\":\"https:\/\/www.solutionslogiciellesrobustes.com\/fr\/industries\/sans-but-lucratif\/#primaryimage\"},\"thumbnailUrl\":\"https:\/\/www.solutionslogiciellesrobustes.com\/wp-content\/uploads\/2023\/04\/pexels-rfstudio-3811082.jpg\",\"datePublished\":\"2023-04-03T13:00:58+00:00\",\"dateModified\":\"2023-08-07T15:54:06+00:00\",\"breadcrumb\":{\"@id\":\"https:\/\/www.solutionslogiciellesrobustes.com\/fr\/industries\/sans-but-lucratif\/#breadcrumb\"},\"inLanguage\":\"fr-FR\",\"potentialAction\":[{\"@type\":\"ReadAction\",\"target\":[\"https:\/\/www.solutionslogiciellesrobustes.com\/fr\/industries\/sans-but-lucratif\/\"]}]},{\"@type\":\"ImageObject\",\"inLanguage\":\"fr-FR\",\"@id\":\"https:\/\/www.solutionslogiciellesrobustes.com\/fr\/industries\/sans-but-lucratif\/#primaryimage\",\"url\":\"https:\/\/www.solutionslogiciellesrobustes.com\/wp-content\/uploads\/2023\/04\/pexels-rfstudio-3811082.jpg\",\"contentUrl\":\"https:\/\/www.solutionslogiciellesrobustes.com\/wp-content\/uploads\/2023\/04\/pexels-rfstudio-3811082.jpg\",\"width\":2558,\"height\":688},{\"@type\":\"BreadcrumbList\",\"@id\":\"https:\/\/www.solutionslogiciellesrobustes.com\/fr\/industries\/sans-but-lucratif\/#breadcrumb\",\"itemListElement\":[{\"@type\":\"ListItem\",\"position\":1,\"name\":\"Home\",\"item\":\"https:\/\/www.solutionslogiciellesrobustes.com\/fr\/services-informatiques\/\"},{\"@type\":\"ListItem\",\"position\":2,\"name\":\"Industries\",\"item\":\"https:\/\/www.solutionslogiciellesrobustes.com\/fr\/industries\/\"},{\"@type\":\"ListItem\",\"position\":3,\"name\":\"Sans but lucratif\"}]},{\"@type\":\"WebSite\",\"@id\":\"https:\/\/www.solutionslogiciellesrobustes.com\/fr\/#website\",\"url\":\"https:\/\/www.solutionslogiciellesrobustes.com\/fr\/\",\"name\":\"Solutions Logicielles Robustes Inc.\",\"description\":\"\",\"publisher\":{\"@id\":\"https:\/\/www.solutionslogiciellesrobustes.com\/fr\/#organization\"},\"potentialAction\":[{\"@type\":\"SearchAction\",\"target\":{\"@type\":\"EntryPoint\",\"urlTemplate\":\"https:\/\/www.solutionslogiciellesrobustes.com\/fr\/?s={search_term_string}\"},\"query-input\":{\"@type\":\"PropertyValueSpecification\",\"valueRequired\":true,\"valueName\":\"search_term_string\"}}],\"inLanguage\":\"fr-FR\"},{\"@type\":\"Organization\",\"@id\":\"https:\/\/www.solutionslogiciellesrobustes.com\/fr\/#organization\",\"name\":\"Solutions Logicielles Robustes Inc.\",\"url\":\"https:\/\/www.solutionslogiciellesrobustes.com\/fr\/\",\"logo\":{\"@type\":\"ImageObject\",\"inLanguage\":\"fr-FR\",\"@id\":\"https:\/\/www.solutionslogiciellesrobustes.com\/fr\/#\/schema\/logo\/image\/\",\"url\":\"https:\/\/www.solutionslogiciellesrobustes.com\/wp-content\/uploads\/2022\/04\/cropped-slr01.png\",\"contentUrl\":\"https:\/\/www.solutionslogiciellesrobustes.com\/wp-content\/uploads\/2022\/04\/cropped-slr01.png\",\"width\":462,\"height\":160,\"caption\":\"Solutions Logicielles Robustes Inc.\"},\"image\":{\"@id\":\"https:\/\/www.solutionslogiciellesrobustes.com\/fr\/#\/schema\/logo\/image\/\"}}]}<\/script>\n<!-- \/ Yoast SEO plugin. -->","yoast_head_json":{"title":"Sans but lucratif - Solutions Logicielles Robustes Inc.","robots":{"index":"index","follow":"follow","max-snippet":"max-snippet:-1","max-image-preview":"max-image-preview:large","max-video-preview":"max-video-preview:-1"},"canonical":"https:\/\/www.solutionslogiciellesrobustes.com\/fr\/industries\/sans-but-lucratif\/","og_locale":"fr_FR","og_type":"article","og_title":"Sans but lucratif - Solutions Logicielles Robustes Inc.","og_description":"Des services informatiques fiables et perspicaces pour des entreprises productives et efficaces","og_url":"https:\/\/www.solutionslogiciellesrobustes.com\/fr\/industries\/sans-but-lucratif\/","og_site_name":"Solutions Logicielles Robustes Inc.","article_modified_time":"2023-08-07T15:54:06+00:00","og_image":[{"width":2558,"height":688,"url":"https:\/\/www.solutionslogiciellesrobustes.com\/wp-content\/uploads\/2023\/04\/pexels-rfstudio-3811082.jpg","type":"image\/jpeg"}],"twitter_card":"summary_large_image","twitter_misc":{"Dur\u00e9e de lecture estim\u00e9e":"2 minutes"},"schema":{"@context":"https:\/\/schema.org","@graph":[{"@type":"WebPage","@id":"https:\/\/www.solutionslogiciellesrobustes.com\/fr\/industries\/sans-but-lucratif\/","url":"https:\/\/www.solutionslogiciellesrobustes.com\/fr\/industries\/sans-but-lucratif\/","name":"Sans but lucratif - Solutions Logicielles Robustes Inc.","isPartOf":{"@id":"https:\/\/www.solutionslogiciellesrobustes.com\/fr\/#website"},"primaryImageOfPage":{"@id":"https:\/\/www.solutionslogiciellesrobustes.com\/fr\/industries\/sans-but-lucratif\/#primaryimage"},"image":{"@id":"https:\/\/www.solutionslogiciellesrobustes.com\/fr\/industries\/sans-but-lucratif\/#primaryimage"},"thumbnailUrl":"https:\/\/www.solutionslogiciellesrobustes.com\/wp-content\/uploads\/2023\/04\/pexels-rfstudio-3811082.jpg","datePublished":"2023-04-03T13:00:58+00:00","dateModified":"2023-08-07T15:54:06+00:00","breadcrumb":{"@id":"https:\/\/www.solutionslogiciellesrobustes.com\/fr\/industries\/sans-but-lucratif\/#breadcrumb"},"inLanguage":"fr-FR","potentialAction":[{"@type":"ReadAction","target":["https:\/\/www.solutionslogiciellesrobustes.com\/fr\/industries\/sans-but-lucratif\/"]}]},{"@type":"ImageObject","inLanguage":"fr-FR","@id":"https:\/\/www.solutionslogiciellesrobustes.com\/fr\/industries\/sans-but-lucratif\/#primaryimage","url":"https:\/\/www.solutionslogiciellesrobustes.com\/wp-content\/uploads\/2023\/04\/pexels-rfstudio-3811082.jpg","contentUrl":"https:\/\/www.solutionslogiciellesrobustes.com\/wp-content\/uploads\/2023\/04\/pexels-rfstudio-3811082.jpg","width":2558,"height":688},{"@type":"BreadcrumbList","@id":"https:\/\/www.solutionslogiciellesrobustes.com\/fr\/industries\/sans-but-lucratif\/#breadcrumb","itemListElement":[{"@type":"ListItem","position":1,"name":"Home","item":"https:\/\/www.solutionslogiciellesrobustes.com\/fr\/services-informatiques\/"},{"@type":"ListItem","position":2,"name":"Industries","item":"https:\/\/www.solutionslogiciellesrobustes.com\/fr\/industries\/"},{"@type":"ListItem","position":3,"name":"Sans but lucratif"}]},{"@type":"WebSite","@id":"https:\/\/www.solutionslogiciellesrobustes.com\/fr\/#website","url":"https:\/\/www.solutionslogiciellesrobustes.com\/fr\/","name":"Solutions Logicielles Robustes Inc.","description":"","publisher":{"@id":"https:\/\/www.solutionslogiciellesrobustes.com\/fr\/#organization"},"potentialAction":[{"@type":"SearchAction","target":{"@type":"EntryPoint","urlTemplate":"https:\/\/www.solutionslogiciellesrobustes.com\/fr\/?s={search_term_string}"},"query-input":{"@type":"PropertyValueSpecification","valueRequired":true,"valueName":"search_term_string"}}],"inLanguage":"fr-FR"},{"@type":"Organization","@id":"https:\/\/www.solutionslogiciellesrobustes.com\/fr\/#organization","name":"Solutions Logicielles Robustes Inc.","url":"https:\/\/www.solutionslogiciellesrobustes.com\/fr\/","logo":{"@type":"ImageObject","inLanguage":"fr-FR","@id":"https:\/\/www.solutionslogiciellesrobustes.com\/fr\/#\/schema\/logo\/image\/","url":"https:\/\/www.solutionslogiciellesrobustes.com\/wp-content\/uploads\/2022\/04\/cropped-slr01.png","contentUrl":"https:\/\/www.solutionslogiciellesrobustes.com\/wp-content\/uploads\/2022\/04\/cropped-slr01.png","width":462,"height":160,"caption":"Solutions Logicielles Robustes Inc."},"image":{"@id":"https:\/\/www.solutionslogiciellesrobustes.com\/fr\/#\/schema\/logo\/image\/"}}]}},"_links":{"self":[{"href":"https:\/\/www.solutionslogiciellesrobustes.com\/fr\/wp-json\/wp\/v2\/pages\/988248","targetHints":{"allow":["GET"]}}],"collection":[{"href":"https:\/\/www.solutionslogiciellesrobustes.com\/fr\/wp-json\/wp\/v2\/pages"}],"about":[{"href":"https:\/\/www.solutionslogiciellesrobustes.com\/fr\/wp-json\/wp\/v2\/types\/page"}],"author":[{"embeddable":true,"href":"https:\/\/www.solutionslogiciellesrobustes.com\/fr\/wp-json\/wp\/v2\/users\/1"}],"replies":[{"embeddable":true,"href":"https:\/\/www.solutionslogiciellesrobustes.com\/fr\/wp-json\/wp\/v2\/comments?post=988248"}],"version-history":[{"count":2,"href":"https:\/\/www.solutionslogiciellesrobustes.com\/fr\/wp-json\/wp\/v2\/pages\/988248\/revisions"}],"predecessor-version":[{"id":988569,"href":"https:\/\/www.solutionslogiciellesrobustes.com\/fr\/wp-json\/wp\/v2\/pages\/988248\/revisions\/988569"}],"up":[{"embeddable":true,"href":"https:\/\/www.solutionslogiciellesrobustes.com\/fr\/wp-json\/wp\/v2\/pages\/988335"}],"wp:featuredmedia":[{"embeddable":true,"href":"https:\/\/www.solutionslogiciellesrobustes.com\/fr\/wp-json\/wp\/v2\/media\/988066"}],"wp:attachment":[{"href":"https:\/\/www.solutionslogiciellesrobustes.com\/fr\/wp-json\/wp\/v2\/media?parent=988248"}],"curies":[{"name":"wp","href":"https:\/\/api.w.org\/{rel}","templated":true}]}}