{"id":988280,"date":"2023-03-14T14:18:00","date_gmt":"2023-03-14T14:18:00","guid":{"rendered":"https:\/\/www.solutionslogiciellesrobustes.com\/carrieres\/"},"modified":"2023-08-04T18:32:30","modified_gmt":"2023-08-04T18:32:30","slug":"carrieres","status":"publish","type":"page","link":"https:\/\/www.solutionslogiciellesrobustes.com\/fr\/carrieres\/","title":{"rendered":"Carri\u00e8res"},"content":{"rendered":"<body>\t\t<div data-elementor-type=\"wp-page\" data-elementor-id=\"988280\" class=\"elementor elementor-988280 elementor-1298\" data-elementor-post-type=\"page\">\n\t\t\t\t\t\t<section class=\"elementor-section elementor-top-section elementor-element elementor-element-6d2d98a elementor-section-boxed elementor-section-height-default elementor-section-height-default\" data-id=\"6d2d98a\" data-element_type=\"section\" data-e-type=\"section\">\n\t\t\t\t\t\t<div class=\"elementor-container elementor-column-gap-default\">\n\t\t\t\t\t<div class=\"elementor-column elementor-col-100 elementor-top-column elementor-element elementor-element-5fb472a\" data-id=\"5fb472a\" data-element_type=\"column\" data-e-type=\"column\">\n\t\t\t<div class=\"elementor-widget-wrap elementor-element-populated\">\n\t\t\t\t\t\t<div class=\"elementor-element elementor-element-6ff307c animated-slow elementor-invisible elementor-widget elementor-widget-heading\" data-id=\"6ff307c\" data-element_type=\"widget\" data-e-type=\"widget\" data-settings='{\"_animation\":\"fadeIn\",\"_animation_tablet\":\"none\"}' data-widget_type=\"heading.default\">\n\t\t\t\t<div class=\"elementor-widget-container\">\n\t\t\t\t\t<h1 class=\"elementor-heading-title elementor-size-default\">Commencez votre voyage<\/h1>\t\t\t\t<\/div>\n\t\t\t\t<\/div>\n\t\t\t\t<div class=\"elementor-element elementor-element-8970b63 animated-slow elementor-invisible elementor-widget elementor-widget-heading\" data-id=\"8970b63\" data-element_type=\"widget\" data-e-type=\"widget\" data-settings='{\"_animation\":\"fadeIn\",\"_animation_tablet\":\"none\",\"_animation_delay\":300}' data-widget_type=\"heading.default\">\n\t\t\t\t<div class=\"elementor-widget-container\">\n\t\t\t\t\t<p class=\"elementor-heading-title elementor-size-default\">Faites \u00e9voluer votre carri\u00e8re en m\u00eame temps que nous \u00e9voluons. Rejoignez l'\u00e9quipe qui change les services informatiques<\/p>\t\t\t\t<\/div>\n\t\t\t\t<\/div>\n\t\t\t\t<div class=\"elementor-element elementor-element-0d43108 elementor-widget elementor-widget-spacer\" data-id=\"0d43108\" data-element_type=\"widget\" data-e-type=\"widget\" data-widget_type=\"spacer.default\">\n\t\t\t\t<div class=\"elementor-widget-container\">\n\t\t\t\t\t\t\t<div class=\"elementor-spacer\">\n\t\t\t<div class=\"elementor-spacer-inner\"><\/div>\n\t\t<\/div>\n\t\t\t\t\t\t<\/div>\n\t\t\t\t<\/div>\n\t\t\t\t\t<\/div>\n\t\t<\/div>\n\t\t\t\t\t<\/div>\n\t\t<\/section>\n\t\t\t\t<section class=\"elementor-section elementor-top-section elementor-element elementor-element-6f6defb elementor-section-boxed elementor-section-height-default elementor-section-height-default\" data-id=\"6f6defb\" data-element_type=\"section\" data-e-type=\"section\">\n\t\t\t\t\t\t<div class=\"elementor-container elementor-column-gap-default\">\n\t\t\t\t\t<div class=\"elementor-column elementor-col-100 elementor-top-column elementor-element elementor-element-7c75eb6\" data-id=\"7c75eb6\" data-element_type=\"column\" data-e-type=\"column\" data-settings='{\"background_background\":\"classic\"}'>\n\t\t\t<div class=\"elementor-widget-wrap elementor-element-populated\">\n\t\t\t\t\t\t<div class=\"elementor-element elementor-element-2953ddb elementor-widget elementor-widget-spacer\" data-id=\"2953ddb\" data-element_type=\"widget\" data-e-type=\"widget\" data-widget_type=\"spacer.default\">\n\t\t\t\t<div class=\"elementor-widget-container\">\n\t\t\t\t\t\t\t<div class=\"elementor-spacer\">\n\t\t\t<div class=\"elementor-spacer-inner\"><\/div>\n\t\t<\/div>\n\t\t\t\t\t\t<\/div>\n\t\t\t\t<\/div>\n\t\t\t\t\t<\/div>\n\t\t<\/div>\n\t\t\t\t\t<\/div>\n\t\t<\/section>\n\t\t\t\t<\/div>\n\t\t<\/body>\n    <div class=\"xs_social_share_widget xs_share_url after_content \t\tmain_content  wslu-style-1 wslu-share-box-shaped wslu-fill-colored wslu-none wslu-share-horizontal wslu-theme-font-no wslu-main_content\">\n\n\t\t\n        <ul>\n\t\t\t        <\/ul>\n    <\/div> \n","protected":false},"excerpt":{"rendered":"<p>Commencez votre voyage Faites \u00e9voluer votre carri\u00e8re en m\u00eame temps que nous \u00e9voluons. Rejoignez l&#8217;\u00e9quipe qui change les services informatiques<\/p>\n","protected":false},"author":1,"featured_media":988017,"parent":0,"menu_order":0,"comment_status":"closed","ping_status":"closed","template":"","meta":{"footnotes":""},"class_list":["post-988280","page","type-page","status-publish","has-post-thumbnail","hentry"],"yoast_head":"<!-- This site is optimized with the Yoast SEO plugin v27.2 - https:\/\/yoast.com\/product\/yoast-seo-wordpress\/ -->\n<title>Carri\u00e8res - Solutions Logicielles Robustes Inc.<\/title>\n<meta name=\"robots\" content=\"index, follow, max-snippet:-1, max-image-preview:large, max-video-preview:-1\" \/>\n<link rel=\"canonical\" href=\"https:\/\/www.solutionslogiciellesrobustes.com\/fr\/carrieres\/\" \/>\n<meta property=\"og:locale\" content=\"fr_FR\" \/>\n<meta property=\"og:type\" content=\"article\" \/>\n<meta property=\"og:title\" content=\"Carri\u00e8res - Solutions Logicielles Robustes Inc.\" \/>\n<meta property=\"og:description\" content=\"Commencez votre voyage Faites \u00e9voluer votre carri\u00e8re en m\u00eame temps que nous \u00e9voluons. Rejoignez l&#8217;\u00e9quipe qui change les services informatiques\" \/>\n<meta property=\"og:url\" content=\"https:\/\/www.solutionslogiciellesrobustes.com\/fr\/carrieres\/\" \/>\n<meta property=\"og:site_name\" content=\"Solutions Logicielles Robustes Inc.\" \/>\n<meta property=\"article:modified_time\" content=\"2023-08-04T18:32:30+00:00\" \/>\n<meta property=\"og:image\" content=\"https:\/\/www.solutionslogiciellesrobustes.com\/wp-content\/uploads\/2023\/03\/austin-distel-KWsKzLGmmzQ-unsplash.jpg\" \/>\n\t<meta property=\"og:image:width\" content=\"2558\" \/>\n\t<meta property=\"og:image:height\" content=\"688\" \/>\n\t<meta property=\"og:image:type\" content=\"image\/jpeg\" \/>\n<meta name=\"twitter:card\" content=\"summary_large_image\" \/>\n<script type=\"application\/ld+json\" class=\"yoast-schema-graph\">{\"@context\":\"https:\/\/schema.org\",\"@graph\":[{\"@type\":\"WebPage\",\"@id\":\"https:\/\/www.solutionslogiciellesrobustes.com\/fr\/carrieres\/\",\"url\":\"https:\/\/www.solutionslogiciellesrobustes.com\/fr\/carrieres\/\",\"name\":\"Carri\u00e8res - Solutions Logicielles Robustes Inc.\",\"isPartOf\":{\"@id\":\"https:\/\/www.solutionslogiciellesrobustes.com\/fr\/#website\"},\"primaryImageOfPage\":{\"@id\":\"https:\/\/www.solutionslogiciellesrobustes.com\/fr\/carrieres\/#primaryimage\"},\"image\":{\"@id\":\"https:\/\/www.solutionslogiciellesrobustes.com\/fr\/carrieres\/#primaryimage\"},\"thumbnailUrl\":\"https:\/\/www.solutionslogiciellesrobustes.com\/wp-content\/uploads\/2023\/03\/austin-distel-KWsKzLGmmzQ-unsplash.jpg\",\"datePublished\":\"2023-03-14T14:18:00+00:00\",\"dateModified\":\"2023-08-04T18:32:30+00:00\",\"breadcrumb\":{\"@id\":\"https:\/\/www.solutionslogiciellesrobustes.com\/fr\/carrieres\/#breadcrumb\"},\"inLanguage\":\"fr-FR\",\"potentialAction\":[{\"@type\":\"ReadAction\",\"target\":[\"https:\/\/www.solutionslogiciellesrobustes.com\/fr\/carrieres\/\"]}]},{\"@type\":\"ImageObject\",\"inLanguage\":\"fr-FR\",\"@id\":\"https:\/\/www.solutionslogiciellesrobustes.com\/fr\/carrieres\/#primaryimage\",\"url\":\"https:\/\/www.solutionslogiciellesrobustes.com\/wp-content\/uploads\/2023\/03\/austin-distel-KWsKzLGmmzQ-unsplash.jpg\",\"contentUrl\":\"https:\/\/www.solutionslogiciellesrobustes.com\/wp-content\/uploads\/2023\/03\/austin-distel-KWsKzLGmmzQ-unsplash.jpg\",\"width\":2558,\"height\":688},{\"@type\":\"BreadcrumbList\",\"@id\":\"https:\/\/www.solutionslogiciellesrobustes.com\/fr\/carrieres\/#breadcrumb\",\"itemListElement\":[{\"@type\":\"ListItem\",\"position\":1,\"name\":\"Home\",\"item\":\"https:\/\/www.solutionslogiciellesrobustes.com\/fr\/services-informatiques\/\"},{\"@type\":\"ListItem\",\"position\":2,\"name\":\"Carri\u00e8res\"}]},{\"@type\":\"WebSite\",\"@id\":\"https:\/\/www.solutionslogiciellesrobustes.com\/fr\/#website\",\"url\":\"https:\/\/www.solutionslogiciellesrobustes.com\/fr\/\",\"name\":\"Solutions Logicielles Robustes Inc.\",\"description\":\"\",\"publisher\":{\"@id\":\"https:\/\/www.solutionslogiciellesrobustes.com\/fr\/#organization\"},\"potentialAction\":[{\"@type\":\"SearchAction\",\"target\":{\"@type\":\"EntryPoint\",\"urlTemplate\":\"https:\/\/www.solutionslogiciellesrobustes.com\/fr\/?s={search_term_string}\"},\"query-input\":{\"@type\":\"PropertyValueSpecification\",\"valueRequired\":true,\"valueName\":\"search_term_string\"}}],\"inLanguage\":\"fr-FR\"},{\"@type\":\"Organization\",\"@id\":\"https:\/\/www.solutionslogiciellesrobustes.com\/fr\/#organization\",\"name\":\"Solutions Logicielles Robustes Inc.\",\"url\":\"https:\/\/www.solutionslogiciellesrobustes.com\/fr\/\",\"logo\":{\"@type\":\"ImageObject\",\"inLanguage\":\"fr-FR\",\"@id\":\"https:\/\/www.solutionslogiciellesrobustes.com\/fr\/#\/schema\/logo\/image\/\",\"url\":\"https:\/\/www.solutionslogiciellesrobustes.com\/wp-content\/uploads\/2022\/04\/cropped-slr01.png\",\"contentUrl\":\"https:\/\/www.solutionslogiciellesrobustes.com\/wp-content\/uploads\/2022\/04\/cropped-slr01.png\",\"width\":462,\"height\":160,\"caption\":\"Solutions Logicielles Robustes Inc.\"},\"image\":{\"@id\":\"https:\/\/www.solutionslogiciellesrobustes.com\/fr\/#\/schema\/logo\/image\/\"}}]}<\/script>\n<!-- \/ Yoast SEO plugin. -->","yoast_head_json":{"title":"Carri\u00e8res - Solutions Logicielles Robustes Inc.","robots":{"index":"index","follow":"follow","max-snippet":"max-snippet:-1","max-image-preview":"max-image-preview:large","max-video-preview":"max-video-preview:-1"},"canonical":"https:\/\/www.solutionslogiciellesrobustes.com\/fr\/carrieres\/","og_locale":"fr_FR","og_type":"article","og_title":"Carri\u00e8res - Solutions Logicielles Robustes Inc.","og_description":"Commencez votre voyage Faites \u00e9voluer votre carri\u00e8re en m\u00eame temps que nous \u00e9voluons. Rejoignez l&#8217;\u00e9quipe qui change les services informatiques","og_url":"https:\/\/www.solutionslogiciellesrobustes.com\/fr\/carrieres\/","og_site_name":"Solutions Logicielles Robustes Inc.","article_modified_time":"2023-08-04T18:32:30+00:00","og_image":[{"width":2558,"height":688,"url":"https:\/\/www.solutionslogiciellesrobustes.com\/wp-content\/uploads\/2023\/03\/austin-distel-KWsKzLGmmzQ-unsplash.jpg","type":"image\/jpeg"}],"twitter_card":"summary_large_image","schema":{"@context":"https:\/\/schema.org","@graph":[{"@type":"WebPage","@id":"https:\/\/www.solutionslogiciellesrobustes.com\/fr\/carrieres\/","url":"https:\/\/www.solutionslogiciellesrobustes.com\/fr\/carrieres\/","name":"Carri\u00e8res - Solutions Logicielles Robustes Inc.","isPartOf":{"@id":"https:\/\/www.solutionslogiciellesrobustes.com\/fr\/#website"},"primaryImageOfPage":{"@id":"https:\/\/www.solutionslogiciellesrobustes.com\/fr\/carrieres\/#primaryimage"},"image":{"@id":"https:\/\/www.solutionslogiciellesrobustes.com\/fr\/carrieres\/#primaryimage"},"thumbnailUrl":"https:\/\/www.solutionslogiciellesrobustes.com\/wp-content\/uploads\/2023\/03\/austin-distel-KWsKzLGmmzQ-unsplash.jpg","datePublished":"2023-03-14T14:18:00+00:00","dateModified":"2023-08-04T18:32:30+00:00","breadcrumb":{"@id":"https:\/\/www.solutionslogiciellesrobustes.com\/fr\/carrieres\/#breadcrumb"},"inLanguage":"fr-FR","potentialAction":[{"@type":"ReadAction","target":["https:\/\/www.solutionslogiciellesrobustes.com\/fr\/carrieres\/"]}]},{"@type":"ImageObject","inLanguage":"fr-FR","@id":"https:\/\/www.solutionslogiciellesrobustes.com\/fr\/carrieres\/#primaryimage","url":"https:\/\/www.solutionslogiciellesrobustes.com\/wp-content\/uploads\/2023\/03\/austin-distel-KWsKzLGmmzQ-unsplash.jpg","contentUrl":"https:\/\/www.solutionslogiciellesrobustes.com\/wp-content\/uploads\/2023\/03\/austin-distel-KWsKzLGmmzQ-unsplash.jpg","width":2558,"height":688},{"@type":"BreadcrumbList","@id":"https:\/\/www.solutionslogiciellesrobustes.com\/fr\/carrieres\/#breadcrumb","itemListElement":[{"@type":"ListItem","position":1,"name":"Home","item":"https:\/\/www.solutionslogiciellesrobustes.com\/fr\/services-informatiques\/"},{"@type":"ListItem","position":2,"name":"Carri\u00e8res"}]},{"@type":"WebSite","@id":"https:\/\/www.solutionslogiciellesrobustes.com\/fr\/#website","url":"https:\/\/www.solutionslogiciellesrobustes.com\/fr\/","name":"Solutions Logicielles Robustes Inc.","description":"","publisher":{"@id":"https:\/\/www.solutionslogiciellesrobustes.com\/fr\/#organization"},"potentialAction":[{"@type":"SearchAction","target":{"@type":"EntryPoint","urlTemplate":"https:\/\/www.solutionslogiciellesrobustes.com\/fr\/?s={search_term_string}"},"query-input":{"@type":"PropertyValueSpecification","valueRequired":true,"valueName":"search_term_string"}}],"inLanguage":"fr-FR"},{"@type":"Organization","@id":"https:\/\/www.solutionslogiciellesrobustes.com\/fr\/#organization","name":"Solutions Logicielles Robustes Inc.","url":"https:\/\/www.solutionslogiciellesrobustes.com\/fr\/","logo":{"@type":"ImageObject","inLanguage":"fr-FR","@id":"https:\/\/www.solutionslogiciellesrobustes.com\/fr\/#\/schema\/logo\/image\/","url":"https:\/\/www.solutionslogiciellesrobustes.com\/wp-content\/uploads\/2022\/04\/cropped-slr01.png","contentUrl":"https:\/\/www.solutionslogiciellesrobustes.com\/wp-content\/uploads\/2022\/04\/cropped-slr01.png","width":462,"height":160,"caption":"Solutions Logicielles Robustes Inc."},"image":{"@id":"https:\/\/www.solutionslogiciellesrobustes.com\/fr\/#\/schema\/logo\/image\/"}}]}},"_links":{"self":[{"href":"https:\/\/www.solutionslogiciellesrobustes.com\/fr\/wp-json\/wp\/v2\/pages\/988280","targetHints":{"allow":["GET"]}}],"collection":[{"href":"https:\/\/www.solutionslogiciellesrobustes.com\/fr\/wp-json\/wp\/v2\/pages"}],"about":[{"href":"https:\/\/www.solutionslogiciellesrobustes.com\/fr\/wp-json\/wp\/v2\/types\/page"}],"author":[{"embeddable":true,"href":"https:\/\/www.solutionslogiciellesrobustes.com\/fr\/wp-json\/wp\/v2\/users\/1"}],"replies":[{"embeddable":true,"href":"https:\/\/www.solutionslogiciellesrobustes.com\/fr\/wp-json\/wp\/v2\/comments?post=988280"}],"version-history":[{"count":1,"href":"https:\/\/www.solutionslogiciellesrobustes.com\/fr\/wp-json\/wp\/v2\/pages\/988280\/revisions"}],"predecessor-version":[{"id":988290,"href":"https:\/\/www.solutionslogiciellesrobustes.com\/fr\/wp-json\/wp\/v2\/pages\/988280\/revisions\/988290"}],"wp:featuredmedia":[{"embeddable":true,"href":"https:\/\/www.solutionslogiciellesrobustes.com\/fr\/wp-json\/wp\/v2\/media\/988017"}],"wp:attachment":[{"href":"https:\/\/www.solutionslogiciellesrobustes.com\/fr\/wp-json\/wp\/v2\/media?parent=988280"}],"curies":[{"name":"wp","href":"https:\/\/api.w.org\/{rel}","templated":true}]}}