{"id":988306,"date":"2023-03-25T12:04:53","date_gmt":"2023-03-25T12:04:53","guid":{"rendered":"https:\/\/www.solutionslogiciellesrobustes.com\/lequipe\/rafael-oliva-santos\/"},"modified":"2023-08-06T00:45:03","modified_gmt":"2023-08-06T00:45:03","slug":"rafael-oliva-santos","status":"publish","type":"page","link":"https:\/\/www.solutionslogiciellesrobustes.com\/fr\/lequipe\/rafael-oliva-santos\/","title":{"rendered":"Rafael Oliva Santos"},"content":{"rendered":"<body>\t\t<div data-elementor-type=\"wp-page\" data-elementor-id=\"988306\" class=\"elementor elementor-988306 elementor-3561\" data-elementor-post-type=\"page\">\n\t\t\t\t\t\t<section class=\"elementor-section elementor-top-section elementor-element elementor-element-98228ee elementor-section-full_width elementor-section-height-default elementor-section-height-default\" data-id=\"98228ee\" data-element_type=\"section\" data-e-type=\"section\">\n\t\t\t\t\t\t<div class=\"elementor-container elementor-column-gap-no\">\n\t\t\t\t\t<div class=\"elementor-column elementor-col-100 elementor-top-column elementor-element elementor-element-6e3447e\" data-id=\"6e3447e\" data-element_type=\"column\" data-e-type=\"column\">\n\t\t\t<div class=\"elementor-widget-wrap elementor-element-populated\">\n\t\t\t\t\t\t<div class=\"elementor-element elementor-element-5fe169f elementor-widget elementor-widget-text-editor\" data-id=\"5fe169f\" data-element_type=\"widget\" data-e-type=\"widget\" data-widget_type=\"text-editor.default\">\n\t\t\t\t<div class=\"elementor-widget-container\">\n\t\t\t\t\t\t\t\t\t<p>M. Oliva Santos est une personne passionn\u00e9e par la r\u00e9solution de probl\u00e8mes, qui poss\u00e8de plusieurs ann\u00e9es d\u2019exp\u00e9rience dans le secteur du d\u00e9veloppement de logiciels et une solide formation universitaire. Leader informatique exp\u00e9riment\u00e9 avec une solide compr\u00e9hension de l\u2019entreprise logicielle et des architectures cloud-natives, capable de construire et de guider des \u00e9quipes de d\u00e9veloppement performantes. Professionnel analytique, ax\u00e9 sur les r\u00e9sultats et le client, dot\u00e9 d\u2019une forte capacit\u00e9 de travail en \u00e9quipe, d\u2019une compr\u00e9hension approfondie du cycle de vie complet du d\u00e9veloppement de logiciels et d\u2019une excellente exp\u00e9rience de la fourniture d\u2019applications d\u2019entreprise \u00e0 l\u2019aide d\u2019une vari\u00e9t\u00e9 de technologies.<\/p>\n<p>Il travaille actuellement comme consultant au poste d\u2019architecte de solutions chez Desjardins. Auparavant, de 2016 \u00e0 2021, il a travaill\u00e9 en tant que responsable de l\u2019architecture logicielle et de l\u2019administration des bases de donn\u00e9es chez Sigma Analysis &amp; Management Ltd. Auparavant, il \u00e9tait professeur \u00e0 l\u2019Universit\u00e9 de La Havane (2005-2015) o\u00f9 il a enseign\u00e9 les bases de donn\u00e9es, la veille strat\u00e9gique, la recherche d\u2019informations et la repr\u00e9sentation des connaissances au niveau du master et de la licence. Il a \u00e9galement travaill\u00e9 \u00e0 la Software Development House de l\u2019Universit\u00e9 de La Havane, o\u00f9 il a occup\u00e9 diff\u00e9rents postes, notamment ceux d\u2019architecte logiciel et de d\u00e9veloppeur logiciel principal. Il est titulaire d\u2019un doctorat en informatique de l\u2019Universit\u00e9 d\u2019Alicante (2013), d\u2019un master en informatique (2009) et d\u2019une licence en informatique (2005) de l\u2019Universit\u00e9 de La Havane.<\/p>\n\t\t\t\t\t\t\t\t<\/div>\n\t\t\t\t<\/div>\n\t\t\t\t<div class=\"elementor-element elementor-element-209497a elementor-shape-circle elementor-grid-2 e-grid-align-left e-grid-align-mobile-left elementor-widget__width-auto elementor-widget elementor-widget-social-icons\" data-id=\"209497a\" data-element_type=\"widget\" data-e-type=\"widget\" data-widget_type=\"social-icons.default\">\n\t\t\t\t<div class=\"elementor-widget-container\">\n\t\t\t\t\t\t\t<div class=\"elementor-social-icons-wrapper elementor-grid\" role=\"list\">\n\t\t\t\t\t\t\t<span class=\"elementor-grid-item\" role=\"listitem\">\n\t\t\t\t\t<a class=\"elementor-icon elementor-social-icon elementor-social-icon-linkedin elementor-repeater-item-c7c5b59\" href=\"https:\/\/www.linkedin.com\/in\/rolivasantos\/\" target=\"_blank\">\n\t\t\t\t\t\t<span class=\"elementor-screen-only\">Linkedin<\/span>\n\t\t\t\t\t\t<svg aria-hidden=\"true\" class=\"e-font-icon-svg e-fab-linkedin\" viewbox=\"0 0 448 512\" xmlns=\"http:\/\/www.w3.org\/2000\/svg\"><path d=\"M416 32H31.9C14.3 32 0 46.5 0 64.3v383.4C0 465.5 14.3 480 31.9 480H416c17.6 0 32-14.5 32-32.3V64.3c0-17.8-14.4-32.3-32-32.3zM135.4 416H69V202.2h66.5V416zm-33.2-243c-21.3 0-38.5-17.3-38.5-38.5S80.9 96 102.2 96c21.2 0 38.5 17.3 38.5 38.5 0 21.3-17.2 38.5-38.5 38.5zm282.1 243h-66.4V312c0-24.8-.5-56.7-34.5-56.7-34.6 0-39.9 27-39.9 54.9V416h-66.4V202.2h63.7v29.2h.9c8.9-16.8 30.6-34.5 62.9-34.5 67.2 0 79.7 44.3 79.7 101.9V416z\"><\/path><\/svg>\t\t\t\t\t<\/a>\n\t\t\t\t<\/span>\n\t\t\t\t\t\t\t<span class=\"elementor-grid-item\" role=\"listitem\">\n\t\t\t\t\t<a class=\"elementor-icon elementor-social-icon elementor-social-icon-twitter elementor-repeater-item-7b267b3\" href=\"https:\/\/twitter.com\/RafaelOlivaSan1\" target=\"_blank\">\n\t\t\t\t\t\t<span class=\"elementor-screen-only\">Twitter<\/span>\n\t\t\t\t\t\t<svg aria-hidden=\"true\" class=\"e-font-icon-svg e-fab-twitter\" viewbox=\"0 0 512 512\" xmlns=\"http:\/\/www.w3.org\/2000\/svg\"><path d=\"M459.37 151.716c.325 4.548.325 9.097.325 13.645 0 138.72-105.583 298.558-298.558 298.558-59.452 0-114.68-17.219-161.137-47.106 8.447.974 16.568 1.299 25.34 1.299 49.055 0 94.213-16.568 130.274-44.832-46.132-.975-84.792-31.188-98.112-72.772 6.498.974 12.995 1.624 19.818 1.624 9.421 0 18.843-1.3 27.614-3.573-48.081-9.747-84.143-51.98-84.143-102.985v-1.299c13.969 7.797 30.214 12.67 47.431 13.319-28.264-18.843-46.781-51.005-46.781-87.391 0-19.492 5.197-37.36 14.294-52.954 51.655 63.675 129.3 105.258 216.365 109.807-1.624-7.797-2.599-15.918-2.599-24.04 0-57.828 46.782-104.934 104.934-104.934 30.213 0 57.502 12.67 76.67 33.137 23.715-4.548 46.456-13.32 66.599-25.34-7.798 24.366-24.366 44.833-46.132 57.827 21.117-2.273 41.584-8.122 60.426-16.243-14.292 20.791-32.161 39.308-52.628 54.253z\"><\/path><\/svg>\t\t\t\t\t<\/a>\n\t\t\t\t<\/span>\n\t\t\t\t\t<\/div>\n\t\t\t\t\t\t<\/div>\n\t\t\t\t<\/div>\n\t\t\t\t<div class=\"vamtam-has-theme-widget-styles elementor-element elementor-element-45531a4 vamtam-has-underline-anim elementor-widget__width-auto elementor-widget elementor-widget-button\" data-id=\"45531a4\" data-element_type=\"widget\" data-e-type=\"widget\" data-widget_type=\"button.default\">\n\t\t\t\t<div class=\"elementor-widget-container\">\n\t\t\t\t\t\t\t\t\t<div class=\"elementor-button-wrapper\">\n\t\t\t\t\t<a class=\"elementor-button elementor-button-link elementor-size-sm\" href=\"https:\/\/www.solutionslogiciellesrobustes.com\/fr\/lequipe\/\">\n\t\t\t\t\t\t<span class=\"elementor-button-content-wrapper\">\n\t\t\t\t\t\t\t\t\t<span class=\"elementor-button-text\">Retour aux membres de l'\u00e9quipe<\/span>\n\t\t\t\t\t<\/span>\n\t\t\t\t\t<\/a>\n\t\t\t\t<\/div>\n\t\t\t\t\t\t\t\t<\/div>\n\t\t\t\t<\/div>\n\t\t\t\t\t<\/div>\n\t\t<\/div>\n\t\t\t\t\t<\/div>\n\t\t<\/section>\n\t\t\t\t<\/div>\n\t\t<\/body>\n    <div class=\"xs_social_share_widget xs_share_url after_content \t\tmain_content  wslu-style-1 wslu-share-box-shaped wslu-fill-colored wslu-none wslu-share-horizontal wslu-theme-font-no wslu-main_content\">\n\n\t\t\n        <ul>\n\t\t\t        <\/ul>\n    <\/div> \n","protected":false},"excerpt":{"rendered":"<p>Pr\u00e9sident<\/p>\n","protected":false},"author":1,"featured_media":988187,"parent":988256,"menu_order":0,"comment_status":"closed","ping_status":"closed","template":"","meta":{"footnotes":""},"class_list":["post-988306","page","type-page","status-publish","has-post-thumbnail","hentry"],"yoast_head":"<!-- This site is optimized with the Yoast SEO plugin v27.2 - https:\/\/yoast.com\/product\/yoast-seo-wordpress\/ -->\n<title>Rafael Oliva Santos - Solutions Logicielles Robustes Inc.<\/title>\n<meta name=\"robots\" content=\"index, follow, max-snippet:-1, max-image-preview:large, max-video-preview:-1\" \/>\n<link rel=\"canonical\" href=\"https:\/\/www.solutionslogiciellesrobustes.com\/fr\/lequipe\/rafael-oliva-santos\/\" \/>\n<meta property=\"og:locale\" content=\"fr_FR\" \/>\n<meta property=\"og:type\" content=\"article\" \/>\n<meta property=\"og:title\" content=\"Rafael Oliva Santos - Solutions Logicielles Robustes Inc.\" \/>\n<meta property=\"og:description\" content=\"Pr\u00e9sident\" \/>\n<meta property=\"og:url\" content=\"https:\/\/www.solutionslogiciellesrobustes.com\/fr\/lequipe\/rafael-oliva-santos\/\" \/>\n<meta property=\"og:site_name\" content=\"Solutions Logicielles Robustes Inc.\" \/>\n<meta property=\"article:modified_time\" content=\"2023-08-06T00:45:03+00:00\" \/>\n<meta property=\"og:image\" content=\"https:\/\/www.solutionslogiciellesrobustes.com\/wp-content\/uploads\/2023\/08\/20180621_152805-3.jpg\" \/>\n\t<meta property=\"og:image:width\" content=\"1324\" \/>\n\t<meta property=\"og:image:height\" content=\"1713\" \/>\n\t<meta property=\"og:image:type\" content=\"image\/jpeg\" \/>\n<meta name=\"twitter:card\" content=\"summary_large_image\" \/>\n<meta name=\"twitter:label1\" content=\"Dur\u00e9e de lecture estim\u00e9e\" \/>\n\t<meta name=\"twitter:data1\" content=\"1 minute\" \/>\n<script type=\"application\/ld+json\" class=\"yoast-schema-graph\">{\"@context\":\"https:\/\/schema.org\",\"@graph\":[{\"@type\":\"WebPage\",\"@id\":\"https:\/\/www.solutionslogiciellesrobustes.com\/fr\/lequipe\/rafael-oliva-santos\/\",\"url\":\"https:\/\/www.solutionslogiciellesrobustes.com\/fr\/lequipe\/rafael-oliva-santos\/\",\"name\":\"Rafael Oliva Santos - Solutions Logicielles Robustes Inc.\",\"isPartOf\":{\"@id\":\"https:\/\/www.solutionslogiciellesrobustes.com\/fr\/#website\"},\"primaryImageOfPage\":{\"@id\":\"https:\/\/www.solutionslogiciellesrobustes.com\/fr\/lequipe\/rafael-oliva-santos\/#primaryimage\"},\"image\":{\"@id\":\"https:\/\/www.solutionslogiciellesrobustes.com\/fr\/lequipe\/rafael-oliva-santos\/#primaryimage\"},\"thumbnailUrl\":\"https:\/\/www.solutionslogiciellesrobustes.com\/wp-content\/uploads\/2023\/08\/20180621_152805-3.jpg\",\"datePublished\":\"2023-03-25T12:04:53+00:00\",\"dateModified\":\"2023-08-06T00:45:03+00:00\",\"breadcrumb\":{\"@id\":\"https:\/\/www.solutionslogiciellesrobustes.com\/fr\/lequipe\/rafael-oliva-santos\/#breadcrumb\"},\"inLanguage\":\"fr-FR\",\"potentialAction\":[{\"@type\":\"ReadAction\",\"target\":[\"https:\/\/www.solutionslogiciellesrobustes.com\/fr\/lequipe\/rafael-oliva-santos\/\"]}]},{\"@type\":\"ImageObject\",\"inLanguage\":\"fr-FR\",\"@id\":\"https:\/\/www.solutionslogiciellesrobustes.com\/fr\/lequipe\/rafael-oliva-santos\/#primaryimage\",\"url\":\"https:\/\/www.solutionslogiciellesrobustes.com\/wp-content\/uploads\/2023\/08\/20180621_152805-3.jpg\",\"contentUrl\":\"https:\/\/www.solutionslogiciellesrobustes.com\/wp-content\/uploads\/2023\/08\/20180621_152805-3.jpg\",\"width\":1324,\"height\":1713,\"caption\":\"Rafael Oliva Santos\"},{\"@type\":\"BreadcrumbList\",\"@id\":\"https:\/\/www.solutionslogiciellesrobustes.com\/fr\/lequipe\/rafael-oliva-santos\/#breadcrumb\",\"itemListElement\":[{\"@type\":\"ListItem\",\"position\":1,\"name\":\"Home\",\"item\":\"https:\/\/www.solutionslogiciellesrobustes.com\/fr\/services-informatiques\/\"},{\"@type\":\"ListItem\",\"position\":2,\"name\":\"L&rsquo;\u00e9quipe\",\"item\":\"https:\/\/www.solutionslogiciellesrobustes.com\/fr\/lequipe\/\"},{\"@type\":\"ListItem\",\"position\":3,\"name\":\"Rafael Oliva Santos\"}]},{\"@type\":\"WebSite\",\"@id\":\"https:\/\/www.solutionslogiciellesrobustes.com\/fr\/#website\",\"url\":\"https:\/\/www.solutionslogiciellesrobustes.com\/fr\/\",\"name\":\"Solutions Logicielles Robustes Inc.\",\"description\":\"\",\"publisher\":{\"@id\":\"https:\/\/www.solutionslogiciellesrobustes.com\/fr\/#organization\"},\"potentialAction\":[{\"@type\":\"SearchAction\",\"target\":{\"@type\":\"EntryPoint\",\"urlTemplate\":\"https:\/\/www.solutionslogiciellesrobustes.com\/fr\/?s={search_term_string}\"},\"query-input\":{\"@type\":\"PropertyValueSpecification\",\"valueRequired\":true,\"valueName\":\"search_term_string\"}}],\"inLanguage\":\"fr-FR\"},{\"@type\":\"Organization\",\"@id\":\"https:\/\/www.solutionslogiciellesrobustes.com\/fr\/#organization\",\"name\":\"Solutions Logicielles Robustes Inc.\",\"url\":\"https:\/\/www.solutionslogiciellesrobustes.com\/fr\/\",\"logo\":{\"@type\":\"ImageObject\",\"inLanguage\":\"fr-FR\",\"@id\":\"https:\/\/www.solutionslogiciellesrobustes.com\/fr\/#\/schema\/logo\/image\/\",\"url\":\"https:\/\/www.solutionslogiciellesrobustes.com\/wp-content\/uploads\/2022\/04\/cropped-slr01.png\",\"contentUrl\":\"https:\/\/www.solutionslogiciellesrobustes.com\/wp-content\/uploads\/2022\/04\/cropped-slr01.png\",\"width\":462,\"height\":160,\"caption\":\"Solutions Logicielles Robustes Inc.\"},\"image\":{\"@id\":\"https:\/\/www.solutionslogiciellesrobustes.com\/fr\/#\/schema\/logo\/image\/\"}}]}<\/script>\n<!-- \/ Yoast SEO plugin. -->","yoast_head_json":{"title":"Rafael Oliva Santos - Solutions Logicielles Robustes Inc.","robots":{"index":"index","follow":"follow","max-snippet":"max-snippet:-1","max-image-preview":"max-image-preview:large","max-video-preview":"max-video-preview:-1"},"canonical":"https:\/\/www.solutionslogiciellesrobustes.com\/fr\/lequipe\/rafael-oliva-santos\/","og_locale":"fr_FR","og_type":"article","og_title":"Rafael Oliva Santos - Solutions Logicielles Robustes Inc.","og_description":"Pr\u00e9sident","og_url":"https:\/\/www.solutionslogiciellesrobustes.com\/fr\/lequipe\/rafael-oliva-santos\/","og_site_name":"Solutions Logicielles Robustes Inc.","article_modified_time":"2023-08-06T00:45:03+00:00","og_image":[{"width":1324,"height":1713,"url":"https:\/\/www.solutionslogiciellesrobustes.com\/wp-content\/uploads\/2023\/08\/20180621_152805-3.jpg","type":"image\/jpeg"}],"twitter_card":"summary_large_image","twitter_misc":{"Dur\u00e9e de lecture estim\u00e9e":"1 minute"},"schema":{"@context":"https:\/\/schema.org","@graph":[{"@type":"WebPage","@id":"https:\/\/www.solutionslogiciellesrobustes.com\/fr\/lequipe\/rafael-oliva-santos\/","url":"https:\/\/www.solutionslogiciellesrobustes.com\/fr\/lequipe\/rafael-oliva-santos\/","name":"Rafael Oliva Santos - Solutions Logicielles Robustes Inc.","isPartOf":{"@id":"https:\/\/www.solutionslogiciellesrobustes.com\/fr\/#website"},"primaryImageOfPage":{"@id":"https:\/\/www.solutionslogiciellesrobustes.com\/fr\/lequipe\/rafael-oliva-santos\/#primaryimage"},"image":{"@id":"https:\/\/www.solutionslogiciellesrobustes.com\/fr\/lequipe\/rafael-oliva-santos\/#primaryimage"},"thumbnailUrl":"https:\/\/www.solutionslogiciellesrobustes.com\/wp-content\/uploads\/2023\/08\/20180621_152805-3.jpg","datePublished":"2023-03-25T12:04:53+00:00","dateModified":"2023-08-06T00:45:03+00:00","breadcrumb":{"@id":"https:\/\/www.solutionslogiciellesrobustes.com\/fr\/lequipe\/rafael-oliva-santos\/#breadcrumb"},"inLanguage":"fr-FR","potentialAction":[{"@type":"ReadAction","target":["https:\/\/www.solutionslogiciellesrobustes.com\/fr\/lequipe\/rafael-oliva-santos\/"]}]},{"@type":"ImageObject","inLanguage":"fr-FR","@id":"https:\/\/www.solutionslogiciellesrobustes.com\/fr\/lequipe\/rafael-oliva-santos\/#primaryimage","url":"https:\/\/www.solutionslogiciellesrobustes.com\/wp-content\/uploads\/2023\/08\/20180621_152805-3.jpg","contentUrl":"https:\/\/www.solutionslogiciellesrobustes.com\/wp-content\/uploads\/2023\/08\/20180621_152805-3.jpg","width":1324,"height":1713,"caption":"Rafael Oliva Santos"},{"@type":"BreadcrumbList","@id":"https:\/\/www.solutionslogiciellesrobustes.com\/fr\/lequipe\/rafael-oliva-santos\/#breadcrumb","itemListElement":[{"@type":"ListItem","position":1,"name":"Home","item":"https:\/\/www.solutionslogiciellesrobustes.com\/fr\/services-informatiques\/"},{"@type":"ListItem","position":2,"name":"L&rsquo;\u00e9quipe","item":"https:\/\/www.solutionslogiciellesrobustes.com\/fr\/lequipe\/"},{"@type":"ListItem","position":3,"name":"Rafael Oliva Santos"}]},{"@type":"WebSite","@id":"https:\/\/www.solutionslogiciellesrobustes.com\/fr\/#website","url":"https:\/\/www.solutionslogiciellesrobustes.com\/fr\/","name":"Solutions Logicielles Robustes Inc.","description":"","publisher":{"@id":"https:\/\/www.solutionslogiciellesrobustes.com\/fr\/#organization"},"potentialAction":[{"@type":"SearchAction","target":{"@type":"EntryPoint","urlTemplate":"https:\/\/www.solutionslogiciellesrobustes.com\/fr\/?s={search_term_string}"},"query-input":{"@type":"PropertyValueSpecification","valueRequired":true,"valueName":"search_term_string"}}],"inLanguage":"fr-FR"},{"@type":"Organization","@id":"https:\/\/www.solutionslogiciellesrobustes.com\/fr\/#organization","name":"Solutions Logicielles Robustes Inc.","url":"https:\/\/www.solutionslogiciellesrobustes.com\/fr\/","logo":{"@type":"ImageObject","inLanguage":"fr-FR","@id":"https:\/\/www.solutionslogiciellesrobustes.com\/fr\/#\/schema\/logo\/image\/","url":"https:\/\/www.solutionslogiciellesrobustes.com\/wp-content\/uploads\/2022\/04\/cropped-slr01.png","contentUrl":"https:\/\/www.solutionslogiciellesrobustes.com\/wp-content\/uploads\/2022\/04\/cropped-slr01.png","width":462,"height":160,"caption":"Solutions Logicielles Robustes Inc."},"image":{"@id":"https:\/\/www.solutionslogiciellesrobustes.com\/fr\/#\/schema\/logo\/image\/"}}]}},"_links":{"self":[{"href":"https:\/\/www.solutionslogiciellesrobustes.com\/fr\/wp-json\/wp\/v2\/pages\/988306","targetHints":{"allow":["GET"]}}],"collection":[{"href":"https:\/\/www.solutionslogiciellesrobustes.com\/fr\/wp-json\/wp\/v2\/pages"}],"about":[{"href":"https:\/\/www.solutionslogiciellesrobustes.com\/fr\/wp-json\/wp\/v2\/types\/page"}],"author":[{"embeddable":true,"href":"https:\/\/www.solutionslogiciellesrobustes.com\/fr\/wp-json\/wp\/v2\/users\/1"}],"replies":[{"embeddable":true,"href":"https:\/\/www.solutionslogiciellesrobustes.com\/fr\/wp-json\/wp\/v2\/comments?post=988306"}],"version-history":[{"count":5,"href":"https:\/\/www.solutionslogiciellesrobustes.com\/fr\/wp-json\/wp\/v2\/pages\/988306\/revisions"}],"predecessor-version":[{"id":988466,"href":"https:\/\/www.solutionslogiciellesrobustes.com\/fr\/wp-json\/wp\/v2\/pages\/988306\/revisions\/988466"}],"up":[{"embeddable":true,"href":"https:\/\/www.solutionslogiciellesrobustes.com\/fr\/wp-json\/wp\/v2\/pages\/988256"}],"wp:featuredmedia":[{"embeddable":true,"href":"https:\/\/www.solutionslogiciellesrobustes.com\/fr\/wp-json\/wp\/v2\/media\/988187"}],"wp:attachment":[{"href":"https:\/\/www.solutionslogiciellesrobustes.com\/fr\/wp-json\/wp\/v2\/media?parent=988306"}],"curies":[{"name":"wp","href":"https:\/\/api.w.org\/{rel}","templated":true}]}}